{"id":3661,"date":"2025-04-24T12:36:31","date_gmt":"2025-04-24T12:36:31","guid":{"rendered":"https:\/\/staging.ey-praxis.com\/?page_id=3661"},"modified":"2025-06-17T14:30:25","modified_gmt":"2025-06-17T14:30:25","slug":"terapia-bowen","status":"publish","type":"page","link":"https:\/\/staging.ey-praxis.com\/ro_ro\/terapia-bowen\/","title":{"rendered":"Terapie Bowen"},"content":{"rendered":"<div class=\"wpb-content-wrapper\"><div class=\"vc_row wpb_row vc_row-fluid\" ><div class=\"wpb_column vc_column_container vc_col-sm-12\"><div class=\"vc_column-inner\"><div class=\"wpb_wrapper\">\n\t<div  class=\"wpb_single_image wpb_content_element vc_align_center wpb_content_element\">\n\t\t\n\t\t<figure class=\"wpb_wrapper vc_figure\">\n\t\t\t<div class=\"vc_single_image-wrapper   vc_box_border_grey\"><img loading=\"lazy\" decoding=\"async\" width=\"2000\" height=\"650\" src=\"https:\/\/staging.ey-praxis.com\/wp-content\/uploads\/2025\/06\/terapie_bowen_slider_pag_servicii1.jpg\" class=\"vc_single_image-img attachment-full\" alt=\"\" title=\"terapie_bowen_slider_pag_servicii1\" srcset=\"https:\/\/staging.ey-praxis.com\/wp-content\/uploads\/2025\/06\/terapie_bowen_slider_pag_servicii1.jpg 2000w, https:\/\/staging.ey-praxis.com\/wp-content\/uploads\/2025\/06\/terapie_bowen_slider_pag_servicii1-300x98.jpg 300w, https:\/\/staging.ey-praxis.com\/wp-content\/uploads\/2025\/06\/terapie_bowen_slider_pag_servicii1-1024x333.jpg 1024w, https:\/\/staging.ey-praxis.com\/wp-content\/uploads\/2025\/06\/terapie_bowen_slider_pag_servicii1-768x250.jpg 768w, https:\/\/staging.ey-praxis.com\/wp-content\/uploads\/2025\/06\/terapie_bowen_slider_pag_servicii1-1536x499.jpg 1536w, https:\/\/staging.ey-praxis.com\/wp-content\/uploads\/2025\/06\/terapie_bowen_slider_pag_servicii1-18x6.jpg 18w\" sizes=\"auto, (max-width: 2000px) 100vw, 2000px\" \/><\/div>\n\t\t<\/figure>\n\t<\/div>\n<\/div><\/div><\/div><\/div><div class=\"mkdf-row-grid-section-wrapper \"  style=\"background-color:#00000000\"><div class=\"mkdf-row-grid-section\"><div class=\"vc_row wpb_row vc_row-fluid vc_custom_1745500843614\" ><div class=\"wpb_column vc_column_container vc_col-sm-12\"><div class=\"vc_column-inner\"><div class=\"wpb_wrapper\"><div class=\"mkdf-elements-holder   mkdf-one-column  mkdf-responsive-mode-768 \" ><div class=\"mkdf-eh-item   mkdf-horizontal-alignment-center \"  data-item-class=\"mkdf-eh-custom-9885\" data-1280-1600=\"0px 20% 78px\" data-1024-1280=\"0px 18% 78px\" data-768-1024=\"0px 5% 78px\" data-680-768=\"0px 0 78px\" data-680=\"0px 0 78px\">\n\t\t<div class=\"mkdf-eh-item-inner\">\n\t\t<div class=\"mkdf-eh-item-content mkdf-eh-custom-9885\" style=\"padding: 0px 24% 78px\">\n\t\t\t\n\t<div class=\"wpb_text_column wpb_content_element\" >\n\t\t<div class=\"wpb_wrapper\">\n\t\t\t<p style=\"text-align: center;\"><span style=\"font-weight: 400;\"><img loading=\"lazy\" decoding=\"async\" class=\"alignnone wp-image-4005 size-large\" src=\"https:\/\/staging.ey-praxis.com\/wp-content\/uploads\/2025\/05\/terapie_bowen_titlu_pag_serv-e1746603825525-1024x329.png\" alt=\"\" width=\"1024\" height=\"329\" srcset=\"https:\/\/staging.ey-praxis.com\/wp-content\/uploads\/2025\/05\/terapie_bowen_titlu_pag_serv-e1746603825525-1024x329.png 1024w, https:\/\/staging.ey-praxis.com\/wp-content\/uploads\/2025\/05\/terapie_bowen_titlu_pag_serv-e1746603825525-300x96.png 300w, https:\/\/staging.ey-praxis.com\/wp-content\/uploads\/2025\/05\/terapie_bowen_titlu_pag_serv-e1746603825525-768x246.png 768w, https:\/\/staging.ey-praxis.com\/wp-content\/uploads\/2025\/05\/terapie_bowen_titlu_pag_serv-e1746603825525.png 1184w\" sizes=\"auto, (max-width: 1024px) 100vw, 1024px\" \/><\/span><\/p>\n<h4 style=\"text-align: center;\">Scopul terapiei Bowen este de a permite corpului s\u0103 se autoregleze, stabilizeze \u0219i revitalizeze, printr-o interven\u021bie minim\u0103 \u0219i bl\u00e2nd\u0103.<\/h4>\n\n\t\t<\/div>\n\t<\/div>\n\t\t<\/div>\n\t<\/div>\n<\/div><\/div><\/div><\/div><\/div><\/div><\/div><\/div><div class=\"mkdf-row-grid-section-wrapper \"  ><div class=\"mkdf-row-grid-section\"><div class=\"vc_row wpb_row vc_row-fluid vc_row-o-content-middle vc_row-flex\" ><div class=\"wpb_column vc_column_container vc_col-sm-6\"><div class=\"vc_column-inner\"><div class=\"wpb_wrapper\">\n\t<div  class=\"wpb_single_image wpb_content_element vc_align_left wpb_content_element\">\n\t\t\n\t\t<figure class=\"wpb_wrapper vc_figure\">\n\t\t\t<div class=\"vc_single_image-wrapper   vc_box_border_grey\"><img loading=\"lazy\" decoding=\"async\" width=\"800\" height=\"534\" src=\"https:\/\/staging.ey-praxis.com\/wp-content\/uploads\/2025\/05\/terapie_bowen_servicii1.jpg\" class=\"vc_single_image-img attachment-full\" alt=\"\" title=\"terapie_bowen_servicii1\" srcset=\"https:\/\/staging.ey-praxis.com\/wp-content\/uploads\/2025\/05\/terapie_bowen_servicii1.jpg 800w, https:\/\/staging.ey-praxis.com\/wp-content\/uploads\/2025\/05\/terapie_bowen_servicii1-300x200.jpg 300w, https:\/\/staging.ey-praxis.com\/wp-content\/uploads\/2025\/05\/terapie_bowen_servicii1-768x513.jpg 768w\" sizes=\"auto, (max-width: 800px) 100vw, 800px\" \/><\/div><figcaption class=\"vc_figure-caption\">Foto: www.bowen-academy.com<\/figcaption>\n\t\t<\/figure>\n\t<\/div>\n<\/div><\/div><\/div><div class=\"wpb_column vc_column_container vc_col-sm-6\"><div class=\"vc_column-inner\"><div class=\"wpb_wrapper\">\n\t<div class=\"wpb_text_column wpb_content_element\" >\n\t\t<div class=\"wpb_wrapper\">\n\t\t\t<p><strong>Terapia Bowen<\/strong> const\u0103 \u00een aplicarea unor serii de manevre delicate asupra anumitor zone ale corpului \u2013 la nivelul mu\u0219chilor, tendoanelor \u0219i fasciei.<br \/>\nFiecare serie este urmat\u0103 de o pauz\u0103 de cel pu\u021bin 2 minute, care ofer\u0103 corpului timp s\u0103 proceseze impulsurile primite prin aceste manevre.<\/p>\n<p>Tom Bowen \u00eensu\u0219i p\u0103r\u0103sea camera \u00een timpul pauzelor pentru a nu influen\u021ba procesul natural de reglare.<\/p>\n<p><strong>Mecanismele care stau la baza Terapiei Bowen, The Original Bowen Technique <\/strong>pot fi comparate cu modul \u00een care func\u021bioneaz\u0103 rezonan\u021ba instrumentelor cu coarde: o mi\u0219care delicat\u0103 genereaz\u0103 un r\u0103spuns profund \u00een \u00eentregul sistem.<\/p>\n\n\t\t<\/div>\n\t<\/div>\n\n\t<div class=\"wpb_text_column wpb_content_element\" >\n\t\t<div class=\"wpb_wrapper\">\n\t\t\t<p style=\"text-align: left;\">O coard\u0103 atins\u0103 \u0219i sus\u021binut\u0103 \u00eentr-o anumit\u0103 pozi\u021bie produce un ton clar, printr-un model de rezonan\u021b\u0103 precis.<\/p>\n\n\t\t<\/div>\n\t<\/div>\n<\/div><\/div><\/div><\/div><\/div><\/div><div class=\"mkdf-row-grid-section-wrapper \"  style=\"background-color:#F5E8DF\"><div class=\"mkdf-row-grid-section\"><div class=\"vc_row wpb_row vc_row-fluid vc_custom_1747843688590 vc_row-o-content-middle vc_row-flex\" ><div class=\"wpb_column vc_column_container vc_col-sm-2\"><div class=\"vc_column-inner\"><div class=\"wpb_wrapper\"><\/div><\/div><\/div><div class=\"wpb_column vc_column_container vc_col-sm-8\"><div class=\"vc_column-inner\"><div class=\"wpb_wrapper\">\n\t<div class=\"wpb_text_column wpb_content_element\" >\n\t\t<div class=\"wpb_wrapper\">\n\t\t\t<p><span style=\"font-weight: 400;\"><strong>Tom Bowen<\/strong> a dezvoltat metoda cunoscut\u0103 ast\u0103zi sub numele de tehnica Bowen \u00een Geelong, Victoria (Australia). Dup\u0103 serviciul s\u0103u \u00een al Doilea R\u0103zboi Mondial, interesul s\u0103u de a alina durerile oamenilor a crescut considerabil. El a observat c\u0103 anumite mi\u0219c\u0103ri manuale \u0219i tehnici aplicate \u00een locuri specifice ale corpului aveau un efect deosebit.<\/span><\/p>\n<p><span style=\"font-weight: 400;\">\u00cen 1974, guvernul australian a f\u0103cut un sondaj asupra practicienilor din domeniul s\u0103n\u0103t\u0103\u021bii \u0219i a constatat c\u0103 Tom Bowen avea una dintre cele mai mari baze de clientel\u0103 din \u021bar\u0103, tratand aproximativ 13 000 de oameni pe an! Un aspect impresionant a fost c\u0103 80% dintre clien\u021bi au avut nevoie de doar 2 tratamente pentru a r\u0103spunde. <em>(Sursa: www.bowen-academy.de)<\/em><\/span><\/p>\n\n\t\t<\/div>\n\t<\/div>\n<div class=\"vc_empty_space\"   style=\"height: 50px\"><span class=\"vc_empty_space_inner\"><\/span><\/div>\n\t<div  class=\"wpb_single_image wpb_content_element vc_align_center wpb_content_element\">\n\t\t\n\t\t<figure class=\"wpb_wrapper vc_figure\">\n\t\t\t<div class=\"vc_single_image-wrapper   vc_box_border_grey\"><img loading=\"lazy\" decoding=\"async\" width=\"2000\" height=\"933\" src=\"https:\/\/staging.ey-praxis.com\/wp-content\/uploads\/2025\/06\/terapie_bowen_servicii_1.jpg\" class=\"vc_single_image-img attachment-full\" alt=\"\" title=\"terapie_bowen_servicii_1\" srcset=\"https:\/\/staging.ey-praxis.com\/wp-content\/uploads\/2025\/06\/terapie_bowen_servicii_1.jpg 2000w, https:\/\/staging.ey-praxis.com\/wp-content\/uploads\/2025\/06\/terapie_bowen_servicii_1-300x140.jpg 300w, https:\/\/staging.ey-praxis.com\/wp-content\/uploads\/2025\/06\/terapie_bowen_servicii_1-1024x478.jpg 1024w, https:\/\/staging.ey-praxis.com\/wp-content\/uploads\/2025\/06\/terapie_bowen_servicii_1-768x358.jpg 768w, https:\/\/staging.ey-praxis.com\/wp-content\/uploads\/2025\/06\/terapie_bowen_servicii_1-1536x717.jpg 1536w, https:\/\/staging.ey-praxis.com\/wp-content\/uploads\/2025\/06\/terapie_bowen_servicii_1-18x8.jpg 18w\" sizes=\"auto, (max-width: 2000px) 100vw, 2000px\" \/><\/div>\n\t\t<\/figure>\n\t<\/div>\n<div class=\"vc_empty_space\"   style=\"height: 20px\"><span class=\"vc_empty_space_inner\"><\/span><\/div>\n\t<div class=\"wpb_text_column wpb_content_element\" >\n\t\t<div class=\"wpb_wrapper\">\n\t\t\t<h3 style=\"text-align: center;\"><strong>Tehnica Bowen nu te transform\u0103 \u00een altcineva.<\/strong><\/h3>\n<p style=\"text-align: center;\">Te ajut\u0103 s\u0103 te \u00eentorci la tine \u2014 f\u0103r\u0103 frici, f\u0103r\u0103 condi\u021bion\u0103ri, f\u0103r\u0103 tensiunea de a \u201efor\u021ba\u201d vindecarea. Este un proces bl\u00e2nd, dar profund, care activeaz\u0103 \u00een tine ceea ce a fost mereu acolo: echilibrul.<\/p>\n<p style=\"text-align: center;\"><strong>Tehnica Bowen nu \u00eenlocuie\u0219te consultul medical.<\/strong><br \/>\nDoar medicul este \u00een m\u0103sur\u0103 s\u0103 stabileasc\u0103 un diagnostic \u0219i s\u0103 recomande un plan de tratament.<\/p>\n<h4 style=\"text-align: center;\"><strong>Aceast\u0103 terapie complementar\u0103 este sigur\u0103 \u0219i potrivit\u0103 pentru persoane de toate v\u00e2rstele.<\/strong><\/h4>\n\n\t\t<\/div>\n\t<\/div>\n<\/div><\/div><\/div><div class=\"wpb_column vc_column_container vc_col-sm-2\"><div class=\"vc_column-inner\"><div class=\"wpb_wrapper\"><\/div><\/div><\/div><\/div><\/div><\/div><div class=\"mkdf-row-grid-section-wrapper \"  style=\"background-color:#00000000\"><div class=\"mkdf-row-grid-section\"><div class=\"vc_row wpb_row vc_row-fluid vc_custom_1741089519784\" ><div class=\"wpb_column vc_column_container vc_col-sm-2\"><div class=\"vc_column-inner\"><div class=\"wpb_wrapper\"><\/div><\/div><\/div><div class=\"wpb_column vc_column_container vc_col-sm-8\"><div class=\"vc_column-inner\"><div class=\"wpb_wrapper\"><h3 style=\"text-align: center\" class=\"vc_custom_heading vc_do_custom_heading\" >Terapia Bowen, The Original Bowen Technique<br \/>\neste pentru tine daca suferi de:<\/h3><div class=\"vc_empty_space\"   style=\"height: 32px\"><span class=\"vc_empty_space_inner\"><\/span><\/div><\/div><\/div><\/div><div class=\"wpb_column vc_column_container vc_col-sm-2\"><div class=\"vc_column-inner\"><div class=\"wpb_wrapper\"><\/div><\/div><\/div><\/div><\/div><\/div><div class=\"mkdf-row-grid-section-wrapper \"  ><div class=\"mkdf-row-grid-section\"><div class=\"vc_row wpb_row vc_row-fluid vc_custom_1747059468174\" ><div class=\"wpb_column vc_column_container vc_col-sm-4\"><div class=\"vc_column-inner\"><div class=\"wpb_wrapper\">\n\t<div class=\"wpb_text_column wpb_content_element\" >\n\t\t<div class=\"wpb_wrapper\">\n\t\t\t<p><span style=\"font-weight: 400;\"><img loading=\"lazy\" decoding=\"async\" class=\"alignnone wp-image-3697\" src=\"https:\/\/staging.ey-praxis.com\/wp-content\/uploads\/2025\/04\/bullet_verde.png\" alt=\"\" width=\"15\" height=\"15\" srcset=\"https:\/\/staging.ey-praxis.com\/wp-content\/uploads\/2025\/04\/bullet_verde.png 300w, https:\/\/staging.ey-praxis.com\/wp-content\/uploads\/2025\/04\/bullet_verde-150x150.png 150w\" sizes=\"auto, (max-width: 15px) 100vw, 15px\" \/> dureri de ceaf\u0103 \u0219i um\u0103r, um\u0103r \u00eenghe\u021bat<br \/>\n<\/span><span style=\"font-weight: 400;\"><img loading=\"lazy\" decoding=\"async\" class=\"alignnone wp-image-3697\" src=\"https:\/\/staging.ey-praxis.com\/wp-content\/uploads\/2025\/04\/bullet_verde.png\" alt=\"\" width=\"15\" height=\"15\" srcset=\"https:\/\/staging.ey-praxis.com\/wp-content\/uploads\/2025\/04\/bullet_verde.png 300w, https:\/\/staging.ey-praxis.com\/wp-content\/uploads\/2025\/04\/bullet_verde-150x150.png 150w\" sizes=\"auto, (max-width: 15px) 100vw, 15px\" \/> probleme cu maxilarul<br \/>\n<img loading=\"lazy\" decoding=\"async\" class=\"alignnone wp-image-3697\" src=\"https:\/\/staging.ey-praxis.com\/wp-content\/uploads\/2025\/04\/bullet_verde.png\" alt=\"\" width=\"15\" height=\"15\" srcset=\"https:\/\/staging.ey-praxis.com\/wp-content\/uploads\/2025\/04\/bullet_verde.png 300w, https:\/\/staging.ey-praxis.com\/wp-content\/uploads\/2025\/04\/bullet_verde-150x150.png 150w\" sizes=\"auto, (max-width: 15px) 100vw, 15px\" \/> dureri de spate \u0219i sciatic\u0103<\/span><span style=\"font-weight: 400;\"><br \/>\n<img loading=\"lazy\" decoding=\"async\" class=\"alignnone wp-image-3697\" src=\"https:\/\/staging.ey-praxis.com\/wp-content\/uploads\/2025\/04\/bullet_verde.png\" alt=\"\" width=\"15\" height=\"15\" srcset=\"https:\/\/staging.ey-praxis.com\/wp-content\/uploads\/2025\/04\/bullet_verde.png 300w, https:\/\/staging.ey-praxis.com\/wp-content\/uploads\/2025\/04\/bullet_verde-150x150.png 150w\" sizes=\"auto, (max-width: 15px) 100vw, 15px\" \/> afec\u021biuni ale genunchiului, gleznei, piciorului, \u0219oldului<\/span><span style=\"font-weight: 400;\"><br \/>\n<img loading=\"lazy\" decoding=\"async\" class=\"alignnone wp-image-3697\" src=\"https:\/\/staging.ey-praxis.com\/wp-content\/uploads\/2025\/04\/bullet_verde.png\" alt=\"\" width=\"15\" height=\"15\" srcset=\"https:\/\/staging.ey-praxis.com\/wp-content\/uploads\/2025\/04\/bullet_verde.png 300w, https:\/\/staging.ey-praxis.com\/wp-content\/uploads\/2025\/04\/bullet_verde-150x150.png 150w\" sizes=\"auto, (max-width: 15px) 100vw, 15px\" \/> leziuni sportive<\/span><span style=\"font-weight: 400;\"><br \/>\n<img loading=\"lazy\" decoding=\"async\" class=\"alignnone wp-image-3697\" src=\"https:\/\/staging.ey-praxis.com\/wp-content\/uploads\/2025\/04\/bullet_verde.png\" alt=\"\" width=\"15\" height=\"15\" srcset=\"https:\/\/staging.ey-praxis.com\/wp-content\/uploads\/2025\/04\/bullet_verde.png 300w, https:\/\/staging.ey-praxis.com\/wp-content\/uploads\/2025\/04\/bullet_verde-150x150.png 150w\" sizes=\"auto, (max-width: 15px) 100vw, 15px\" \/> sindromul de tunel carpian, cotul tenismenului<\/span><span style=\"font-weight: 400;\"><br \/>\n<\/span><\/p>\n\n\t\t<\/div>\n\t<\/div>\n<\/div><\/div><\/div><div class=\"wpb_column vc_column_container vc_col-sm-4\"><div class=\"vc_column-inner\"><div class=\"wpb_wrapper\">\n\t<div class=\"wpb_text_column wpb_content_element\" >\n\t\t<div class=\"wpb_wrapper\">\n\t\t\t<p><span style=\"font-weight: 400;\"><img loading=\"lazy\" decoding=\"async\" class=\"alignnone wp-image-3697\" src=\"https:\/\/staging.ey-praxis.com\/wp-content\/uploads\/2025\/04\/bullet_verde.png\" alt=\"\" width=\"15\" height=\"15\" srcset=\"https:\/\/staging.ey-praxis.com\/wp-content\/uploads\/2025\/04\/bullet_verde.png 300w, https:\/\/staging.ey-praxis.com\/wp-content\/uploads\/2025\/04\/bullet_verde-150x150.png 150w\" sizes=\"auto, (max-width: 15px) 100vw, 15px\" \/> boli ale copilariei<\/span><span style=\"font-weight: 400;\"><br \/>\n<img loading=\"lazy\" decoding=\"async\" class=\"alignnone wp-image-3697\" src=\"https:\/\/staging.ey-praxis.com\/wp-content\/uploads\/2025\/04\/bullet_verde.png\" alt=\"\" width=\"15\" height=\"15\" srcset=\"https:\/\/staging.ey-praxis.com\/wp-content\/uploads\/2025\/04\/bullet_verde.png 300w, https:\/\/staging.ey-praxis.com\/wp-content\/uploads\/2025\/04\/bullet_verde-150x150.png 150w\" sizes=\"auto, (max-width: 15px) 100vw, 15px\" \/> alergii, inclusiv febra f\u00e2nului<\/span><span style=\"font-weight: 400;\"><br \/>\n<img loading=\"lazy\" decoding=\"async\" class=\"alignnone wp-image-3697\" src=\"https:\/\/staging.ey-praxis.com\/wp-content\/uploads\/2025\/04\/bullet_verde.png\" alt=\"\" width=\"15\" height=\"15\" srcset=\"https:\/\/staging.ey-praxis.com\/wp-content\/uploads\/2025\/04\/bullet_verde.png 300w, https:\/\/staging.ey-praxis.com\/wp-content\/uploads\/2025\/04\/bullet_verde-150x150.png 150w\" sizes=\"auto, (max-width: 15px) 100vw, 15px\" \/> insomnie<\/span><span style=\"font-weight: 400;\"><br \/>\n<img loading=\"lazy\" decoding=\"async\" class=\"alignnone wp-image-3697\" src=\"https:\/\/staging.ey-praxis.com\/wp-content\/uploads\/2025\/04\/bullet_verde.png\" alt=\"\" width=\"15\" height=\"15\" srcset=\"https:\/\/staging.ey-praxis.com\/wp-content\/uploads\/2025\/04\/bullet_verde.png 300w, https:\/\/staging.ey-praxis.com\/wp-content\/uploads\/2025\/04\/bullet_verde-150x150.png 150w\" sizes=\"auto, (max-width: 15px) 100vw, 15px\" \/> ame\u021beal\u0103<\/span><span style=\"font-weight: 400;\"><br \/>\n<img loading=\"lazy\" decoding=\"async\" class=\"alignnone wp-image-3697\" src=\"https:\/\/staging.ey-praxis.com\/wp-content\/uploads\/2025\/04\/bullet_verde.png\" alt=\"\" width=\"15\" height=\"15\" srcset=\"https:\/\/staging.ey-praxis.com\/wp-content\/uploads\/2025\/04\/bullet_verde.png 300w, https:\/\/staging.ey-praxis.com\/wp-content\/uploads\/2025\/04\/bullet_verde-150x150.png 150w\" sizes=\"auto, (max-width: 15px) 100vw, 15px\" \/> stres, anxietate<\/span><span style=\"font-weight: 400;\"><br \/>\n<img loading=\"lazy\" decoding=\"async\" class=\"alignnone wp-image-3697\" src=\"https:\/\/staging.ey-praxis.com\/wp-content\/uploads\/2025\/04\/bullet_verde.png\" alt=\"\" width=\"15\" height=\"15\" srcset=\"https:\/\/staging.ey-praxis.com\/wp-content\/uploads\/2025\/04\/bullet_verde.png 300w, https:\/\/staging.ey-praxis.com\/wp-content\/uploads\/2025\/04\/bullet_verde-150x150.png 150w\" sizes=\"auto, (max-width: 15px) 100vw, 15px\" \/> stres post-traumatic<br \/>\n<img loading=\"lazy\" decoding=\"async\" class=\"alignnone wp-image-3697\" src=\"https:\/\/staging.ey-praxis.com\/wp-content\/uploads\/2025\/04\/bullet_verde.png\" alt=\"\" width=\"15\" height=\"15\" srcset=\"https:\/\/staging.ey-praxis.com\/wp-content\/uploads\/2025\/04\/bullet_verde.png 300w, https:\/\/staging.ey-praxis.com\/wp-content\/uploads\/2025\/04\/bullet_verde-150x150.png 150w\" sizes=\"auto, (max-width: 15px) 100vw, 15px\" \/> afec\u021biuni respiratorii<\/span><\/p>\n\n\t\t<\/div>\n\t<\/div>\n<\/div><\/div><\/div><div class=\"wpb_column vc_column_container vc_col-sm-4\"><div class=\"vc_column-inner\"><div class=\"wpb_wrapper\">\n\t<div class=\"wpb_text_column wpb_content_element\" >\n\t\t<div class=\"wpb_wrapper\">\n\t\t\t<p><span style=\"font-weight: 400;\"><img loading=\"lazy\" decoding=\"async\" class=\"alignnone wp-image-3697\" src=\"https:\/\/staging.ey-praxis.com\/wp-content\/uploads\/2025\/04\/bullet_verde.png\" alt=\"\" width=\"15\" height=\"15\" srcset=\"https:\/\/staging.ey-praxis.com\/wp-content\/uploads\/2025\/04\/bullet_verde.png 300w, https:\/\/staging.ey-praxis.com\/wp-content\/uploads\/2025\/04\/bullet_verde-150x150.png 150w\" sizes=\"auto, (max-width: 15px) 100vw, 15px\" \/> migren\u0103, sinuzit\u0103<\/span><span style=\"font-weight: 400;\"><br \/>\n<img loading=\"lazy\" decoding=\"async\" class=\"alignnone wp-image-3697\" src=\"https:\/\/staging.ey-praxis.com\/wp-content\/uploads\/2025\/04\/bullet_verde.png\" alt=\"\" width=\"15\" height=\"15\" srcset=\"https:\/\/staging.ey-praxis.com\/wp-content\/uploads\/2025\/04\/bullet_verde.png 300w, https:\/\/staging.ey-praxis.com\/wp-content\/uploads\/2025\/04\/bullet_verde-150x150.png 150w\" sizes=\"auto, (max-width: 15px) 100vw, 15px\" \/> dureri de urechi \u0219i infec\u021bii ale urechii<\/span><span style=\"font-weight: 400;\"><br \/>\n<img loading=\"lazy\" decoding=\"async\" class=\"alignnone wp-image-3697\" src=\"https:\/\/staging.ey-praxis.com\/wp-content\/uploads\/2025\/04\/bullet_verde.png\" alt=\"\" width=\"15\" height=\"15\" srcset=\"https:\/\/staging.ey-praxis.com\/wp-content\/uploads\/2025\/04\/bullet_verde.png 300w, https:\/\/staging.ey-praxis.com\/wp-content\/uploads\/2025\/04\/bullet_verde-150x150.png 150w\" sizes=\"auto, (max-width: 15px) 100vw, 15px\" \/> probleme digestive \u0219i intestinale<\/span><span style=\"font-weight: 400;\"><br \/>\n<img loading=\"lazy\" decoding=\"async\" class=\"alignnone wp-image-3697\" src=\"https:\/\/staging.ey-praxis.com\/wp-content\/uploads\/2025\/04\/bullet_verde.png\" alt=\"\" width=\"15\" height=\"15\" srcset=\"https:\/\/staging.ey-praxis.com\/wp-content\/uploads\/2025\/04\/bullet_verde.png 300w, https:\/\/staging.ey-praxis.com\/wp-content\/uploads\/2025\/04\/bullet_verde-150x150.png 150w\" sizes=\"auto, (max-width: 15px) 100vw, 15px\" \/> boli ale vezicii urinare, enurezis, incontinen\u021b\u0103 urinar\u0103<\/span><span style=\"font-weight: 400;\"><br \/>\n<img loading=\"lazy\" decoding=\"async\" class=\"alignnone wp-image-3697\" src=\"https:\/\/staging.ey-praxis.com\/wp-content\/uploads\/2025\/04\/bullet_verde.png\" alt=\"\" width=\"15\" height=\"15\" srcset=\"https:\/\/staging.ey-praxis.com\/wp-content\/uploads\/2025\/04\/bullet_verde.png 300w, https:\/\/staging.ey-praxis.com\/wp-content\/uploads\/2025\/04\/bullet_verde-150x150.png 150w\" sizes=\"auto, (max-width: 15px) 100vw, 15px\" \/> infertilitate, neregularit\u0103\u021bi hormonale \u0219i menstruale<\/span><span style=\"font-weight: 400;\"><br \/>\n<strong><img loading=\"lazy\" decoding=\"async\" class=\"alignnone wp-image-3697\" src=\"https:\/\/staging.ey-praxis.com\/wp-content\/uploads\/2025\/04\/bullet_verde.png\" alt=\"\" width=\"15\" height=\"15\" srcset=\"https:\/\/staging.ey-praxis.com\/wp-content\/uploads\/2025\/04\/bullet_verde.png 300w, https:\/\/staging.ey-praxis.com\/wp-content\/uploads\/2025\/04\/bullet_verde-150x150.png 150w\" sizes=\"auto, (max-width: 15px) 100vw, 15px\" \/> <\/strong>reten\u021bie de lichide \u0219i congestie limfatic\u0103<\/span><span style=\"font-weight: 400;\"><br \/>\n<img loading=\"lazy\" decoding=\"async\" class=\"alignnone wp-image-3697\" src=\"https:\/\/staging.ey-praxis.com\/wp-content\/uploads\/2025\/04\/bullet_verde.png\" alt=\"\" width=\"15\" height=\"15\" srcset=\"https:\/\/staging.ey-praxis.com\/wp-content\/uploads\/2025\/04\/bullet_verde.png 300w, https:\/\/staging.ey-praxis.com\/wp-content\/uploads\/2025\/04\/bullet_verde-150x150.png 150w\" sizes=\"auto, (max-width: 15px) 100vw, 15px\" \/> \u00een afec\u021biuni cronice \u0219i oncologice ca suport<\/span><span style=\"font-weight: 400;\"><br \/>\n<\/span><\/p>\n\n\t\t<\/div>\n\t<\/div>\n<\/div><\/div><\/div><\/div><\/div><\/div><div class=\"mkdf-row-grid-section-wrapper mkdf-content-aligment-center\"  style=\"background-color:#F5E8DF\"><div class=\"mkdf-row-grid-section\"><div class=\"vc_row wpb_row vc_row-fluid vc_custom_1745866164778\" ><div class=\"wpb_column vc_column_container vc_col-sm-3\"><div class=\"vc_column-inner\"><div class=\"wpb_wrapper\"><\/div><\/div><\/div><div class=\"wpb_column vc_column_container vc_col-sm-6\"><div class=\"vc_column-inner\"><div class=\"wpb_wrapper\">\n\t<div class=\"wpb_text_column wpb_content_element\" >\n\t\t<div class=\"wpb_wrapper\">\n\t\t\t<h2 style=\"text-align: left;\">Costul \u0219edin\u021belor Bowen Therapy<\/h2>\n<h3 style=\"text-align: left;\">Copii 0\u20133 ani \u2013 pe baz\u0103 de dona\u021bie<br \/>\nCopii 4\u201311 ani \u2013 50 \u20ac<br \/>\nAdolescen\u021bi \u0219i adul\u021bi (12+ ani) \u2013 100 \u20ac<\/h3>\n<p style=\"text-align: left;\"><em>O \u0219edin\u021b\u0103 dureaz\u0103 aproximativ 60 de minute.<\/em><br \/>\n<em>Men\u021biune: serviciile de Bowen Therapy nu sunt decontate de Casa de Asigur\u0103ri de S\u0103n\u0103tate.<\/em><\/p>\n\n\t\t<\/div>\n\t<\/div>\n\n\t<div class=\"wpb_text_column wpb_content_element\" >\n\t\t<div class=\"wpb_wrapper\">\n\t\t\t<p style=\"text-align: left;\"><strong>Pentru \u0219edin\u021bele \u00een cabinet:<\/strong><br \/>\nPoart\u0103 haine lejere \u00een care te sim\u021bi confortabil.<br \/>\nDac\u0103 preferi s\u0103 nu r\u0103m\u00e2i \u00een lenjerie intim\u0103, e important s\u0103 alegi ceva ce-\u021bi permite libertate de mi\u0219care \u0219i relaxare.<\/p>\n\n\t\t<\/div>\n\t<\/div>\n<div class=\"vc_empty_space\"   style=\"height: 32px\"><span class=\"vc_empty_space_inner\"><\/span><\/div><a itemprop=\"url\" href=\"#\" target=\"_blank\"  class=\"mkdf-btn mkdf-btn-medium mkdf-btn-solid\"  >\n    <span class=\"mkdf-btn-text\">Programeaza o sedinta<\/span>\n    \t<\/a><\/div><\/div><\/div><div class=\"wpb_column vc_column_container vc_col-sm-3\"><div class=\"vc_column-inner\"><div class=\"wpb_wrapper\"><\/div><\/div><\/div><\/div><\/div><\/div>\n<\/div>","protected":false},"excerpt":{"rendered":"Scopul terapiei Bowen este de a permite corpului s\u0103 se autoregleze, stabilizeze \u0219i revitalizeze, printr-o interven\u021bie minim\u0103 \u0219i bl\u00e2nd\u0103. Foto: www.bowen-academy.com Terapia Bowen const\u0103 \u00een aplicarea unor serii de manevre delicate asupra anumitor zone ale corpului \u2013 la nivelul mu\u0219chilor, [...]","protected":false},"author":3,"featured_media":4001,"parent":0,"menu_order":5,"comment_status":"closed","ping_status":"closed","template":"full-width.php","meta":{"footnotes":""},"class_list":["post-3661","page","type-page","status-publish","has-post-thumbnail","hentry"],"_links":{"self":[{"href":"https:\/\/staging.ey-praxis.com\/ro_ro\/wp-json\/wp\/v2\/pages\/3661","targetHints":{"allow":["GET"]}}],"collection":[{"href":"https:\/\/staging.ey-praxis.com\/ro_ro\/wp-json\/wp\/v2\/pages"}],"about":[{"href":"https:\/\/staging.ey-praxis.com\/ro_ro\/wp-json\/wp\/v2\/types\/page"}],"author":[{"embeddable":true,"href":"https:\/\/staging.ey-praxis.com\/ro_ro\/wp-json\/wp\/v2\/users\/3"}],"replies":[{"embeddable":true,"href":"https:\/\/staging.ey-praxis.com\/ro_ro\/wp-json\/wp\/v2\/comments?post=3661"}],"version-history":[{"count":140,"href":"https:\/\/staging.ey-praxis.com\/ro_ro\/wp-json\/wp\/v2\/pages\/3661\/revisions"}],"predecessor-version":[{"id":4348,"href":"https:\/\/staging.ey-praxis.com\/ro_ro\/wp-json\/wp\/v2\/pages\/3661\/revisions\/4348"}],"wp:featuredmedia":[{"embeddable":true,"href":"https:\/\/staging.ey-praxis.com\/ro_ro\/wp-json\/wp\/v2\/media\/4001"}],"wp:attachment":[{"href":"https:\/\/staging.ey-praxis.com\/ro_ro\/wp-json\/wp\/v2\/media?parent=3661"}],"curies":[{"name":"wp","href":"https:\/\/api.w.org\/{rel}","templated":true}]}}