{"id":3640,"date":"2025-04-04T17:06:56","date_gmt":"2025-04-04T17:06:56","guid":{"rendered":"https:\/\/staging.ey-praxis.com\/?page_id=3640"},"modified":"2025-06-09T18:29:59","modified_gmt":"2025-06-09T18:29:59","slug":"termeni-si-conditii","status":"publish","type":"page","link":"https:\/\/staging.ey-praxis.com\/ro_ro\/termeni-si-conditii\/","title":{"rendered":"Termeni si Conditii"},"content":{"rendered":"<p>&nbsp;<\/p>\n<p>Website-ul nostru este: ey-praxis.com\u00a0numit in continuare <strong>Site-ul<\/strong><\/p>\n<p>&nbsp;<\/p>\n<p>Prin utilizarea <strong>Site-ului<\/strong> sunte\u021bi implicit de acord cu Termenii \u0219i Condi\u021biile de Utilizare de mai jos.<\/p>\n<p>Pentru folosirea \u00een cele mai bune condi\u021bii a site-ului, se recomand\u0103 citirea cu aten\u021bie a Termenilor \u0219i Condi\u021biilor de Utilizare. \u00cen cazul \u00een care nu sunte\u021bi de acord cu Termenii \u0219i Condi\u021biile de Utilizare, v\u0103 recomand\u0103m s\u0103 nu folosi\u021bi <strong>Site-ul.<\/strong><\/p>\n<p><strong>Site-ul<\/strong> \u00ee\u0219i rezerv\u0103 dreptul de a modifica Termenii \u0219i Condi\u021biile de Utilizare oric\u00e2nd consider\u0103 necesar, f\u0103r\u0103 notificare prealabil\u0103. Versiunea \u00een vigoare a Termenilor \u0219i Condi\u021biilor de Utilizare este \u00een permanen\u021b\u0103 disponibil\u0103 pe site. Verfica\u021bi aceast\u0103 pagin\u0103 periodic, pentru a lua cunostin\u021b\u0103 de eventualele modific\u0103ri. Continuarea folosirii site-ului, dup\u0103 schimbarea Termenilor \u0219i Condi\u021biilor de Utilizare implic\u0103 acceptarea modific\u0103rilor efectuate \u0219i a noilor Termeni \u0219i Condi\u021bii de Utilizare.<\/p>\n<p>&nbsp;<\/p>\n<h3>INFORMA\u021aII GENERALE<\/h3>\n<p>Prin site \u00eentelegem colec\u021bia de informa\u021bii ob\u021binut\u0103 prin accesarea adresei de web https:\/\/staging.ey-praxis.com<br \/>\nToate pre\u021burile afi\u0219ate pe site sunt exprimate \u00een EURO.<\/p>\n<p>&nbsp;<\/p>\n<h3>COLECTAREA DE INFORMA\u021aII PERSONALE<\/h3>\n<p><strong>Site-ul<\/strong> colecteaz\u0103 date cu caracter personal conform\u00a0<strong><u><a href=\"\/politica-de-confidentialitate\/\">Politicii de Confiden\u021bialitate<\/a><\/u><\/strong><\/p>\n<p>&nbsp;<\/p>\n<h3>HYPERLINK-URI \u0218I ALTE SITE-URI<\/h3>\n<p><strong>Site-ul<\/strong><strong> po<\/strong>ate include \u00een site link-uri c\u0103tre alte site-uri, aflate sau nu \u00een proprietatea sa.\u00a0<strong>Site-ul<\/strong> nu poate fi, \u00een nici o circumstan\u021b\u0103, responsabil pentru con\u021binutul acestor site-uri.<\/p>\n<p>UTILIZAREA SITE-ULUI DE CATRE PERSOANE SUB 18 ANI<\/p>\n<p><strong>Site-ul<\/strong>\u00a0este destinat si persoanelor sub 18 ani.<\/p>\n<p>&nbsp;<\/p>\n<h3>PROMO\u021aII \u0218I CONCURSURI<\/h3>\n<p><strong>Site-ul<\/strong> stabile\u0219te regulamentele promo\u021biilor \u0219i ale concursurilor pe care le organizeaz\u0103. Aceste regulamente sunt aduse la cunostin\u021b\u0103 eventualilor participan\u021bi prin intermediul site-ului propriu sau alte mijloace de comunicare public\u0103 sau privat\u0103.<\/p>\n<p>&nbsp;<\/p>\n<h3>DATE PERSONALE<\/h3>\n<p>Pe site-ul\u00a0<strong>Site-ul<\/strong>, utilizatorul este responsabil pentru toate activit\u0103\u021bile care survin prin accesarea contului \u0219i parolei personale.\u00a0<strong>Site-ul<\/strong> nu poate fi f\u0103cut responsabil pentru erorile survenite \u00een urma neglijen\u021bei utilizatorului privind securitatea \u0219i confiden\u021bialitatea contului \u0219i parolei sale. Datele personale ale utilizatorului vor putea fi folosite de c\u0103tre\u00a0<strong>Site-ul<\/strong> \u0219i furnizorii s\u0103i numai \u00een scopul declarat al acestui site. Informa\u021biile din contul de \u00eenregistrare, precum \u0219i datele din formularul de comand\u0103 vor fi folosite pentru a trimite utilizatorului confirmarea comenzilor, inform\u0103ri despre eventualele promo\u021bii etc. Datele personale vor putea fi \u00eens\u0103 transmise autorit\u0103\u021bilor \u00een drept s\u0103 verifice tranzac\u021biile comerciale sau altor autorit\u0103\u021bi \u00een drept s\u0103 efectueze orice verific\u0103ri justificate \u00een baza legii, dac\u0103 acest lucru va fi solicitat \u00een conformitate cu legile \u00een vigoare.<\/p>\n<p>&nbsp;<\/p>\n<h3>POLITICA DE PRE\u021aURI<\/h3>\n<p>Pre\u021burile produselor sunt cele afi\u0219ate pentru fiecare produs \u00een parte.<br \/>\n<strong>Site-ul<\/strong> v\u0103 putea desfa\u0219ura orice campanie promo\u021bional\u0103 referitor la produsele afi\u0219ate pe site, promo\u021bii ale c\u0103ror condi\u021bii vor fi stabilite \u00een \u00eentregime de c\u0103tre\u00a0<strong>Site-ul<\/strong><\/p>\n<p>&nbsp;<\/p>\n<h3>LITIGII<\/h3>\n<p>Orice tentativ\u0103 de acces neautorizat la site-ul\u00a0<strong>Site-ul<\/strong> \u0219i orice \u00eencercare de fraud\u0103 va fi raportat\u0103 f\u0103r\u0103 \u00eent\u00e2rziere autorit\u0103\u021bilor competente. Toate litigiile vor fi solu\u021bionate pe cale amiabil\u0103. Dac\u0103 litigiul nu poate fi solutionat pe cale amiabil\u0103, sau una dintre p\u0103r\u021bi renun\u021b\u0103 la solu\u021bionarea pe cale amiabil\u0103, litigiul se va solu\u021biona prin arbitrajul Cur\u021bii de Arbitraj Comercial Interna\u021bional de pe l\u00e2ng\u0103 Camera de Comer\u021b \u0219i Industrie a Rom\u00e2niei \u0219i a Municipiului Bucure\u0219ti \u00een conformitate cu Regulile de procedur\u0103 arbitral\u0103 ale acestei Cur\u021bi. Hot\u0103r\u00e2rea arbitral\u0103 este definitiv\u0103 \u0219i obligatorie.<br \/>\nFor\u021ba major\u0103 invocat\u0103 \u0219i probate de una din p\u0103r\u021bi \u00een condi\u021biile legii, exonereaz\u0103 p\u0103r\u021bile de obliga\u021bii \u2013 cu excep\u021bia obliga\u021biei de plat\u0103 pentru serviciile prestate p\u00e2n\u0103 la apari\u021bia ei \u2013 pe \u00eentreaga durat\u0103 a for\u021bei majore.<\/p>\n<p>&nbsp;<\/p>\n<h3>DREPTURI DE AUTOR (COPYRIGHT)<\/h3>\n<p>\u00centregul con\u021binut al site-ului\u00a0<strong>Site-ul<\/strong> \u2013 imagini, texte, grafice, simboluri, elemente de grafic\u0103 WEB, scripturi, programe \u0219i alte date \u2013 este proprietatea\u00a0<strong>Site-ul<\/strong> \u0219i a furnizorilor s\u0103i \u0219i este ap\u0103rat de Legea drepturilor de autor \u0219i de legile privind proprietatea intelectual\u0103 \u0219i industrial\u0103. Folosirea f\u0103r\u0103 acordul\u00a0<strong>Site-ul<\/strong> a oric\u0103ror elemente enumerate mai sus se pedepse\u0219te conform legilor \u00een vigoare.<\/p>\n<p>&nbsp;<\/p>\n<h3>COMENTARII, COMUNIC\u0102RI \u0218I ALTE DATE\/INFORMA\u021aII<\/h3>\n<p>Persoanele care acceseaz\u0103\/viziteaz\u0103 site-ul pot face comentarii \u0219i orice alte comunic\u0103ri; pot s\u0103 trimita e-mailuri, s\u0103 transmit\u0103 sugestii, idei, \u00eentrebari sau alte informa\u021bii, at\u00e2ta timp c\u00e2t con\u021binutul acestora nu este ilegal, obscen, amenin\u021b\u0103tor, def\u0103im\u0103tor, nu tulbur\u0103 \u00een nici un fel via\u021ba privat\u0103 a altor persoane, nu \u00eencalc\u0103 drepturile de proprietate intelectual\u0103, nu con\u021bine viru\u0219i, texte viz\u00e2nd diverse campanii de promovare, scrisori \u00een lan\u021b, email-uri \u00een masa sau orice alt\u0103 form\u0103 de spam.<\/p>\n<p>Persoanele care vor utiliza o adres\u0103 fals\u0103 de e-mail sau vor transmite mesaje electronice sau orice alte comunic\u0103ri \u00een numele unei alte persoane fizice sau juridice sau \u00een numele oric\u0103rei alte entit\u0103\u021bi vor fi sanc\u021bionate \u00een conformitate cu legile \u00een vigoare.\u00a0<strong>Site-ul<\/strong> are dreptul (dar nu \u0219i obliga\u021bia) de a \u0219terge orice astfel de con\u021binuturi identificate pe site.\u00a0<strong>Site-ul<\/strong> nu va purta responsabilitatea \u0219i nici nu va putea fi obligat\u0103 la nici un fel de desp\u0103gubiri pentru orice fel de daune produse de asemenea comunic\u0103ri.<\/p>\n<p>\u00cen cazul trimiterii sau afi\u0219\u0103rii unor materiale\/documente, se consider\u0103 c\u0103 utilizatorul confera\u00a0<strong>Site-ul<\/strong> \u0219i afilia\u021bilor\/asocia\u021bilor acestuia dreptul neexclusiv, nelimitat, gratuit, irevocabil \u0219i retransmisibil de a folosi, reproduce, modifica, adapta, publica, traduce, crea opere derivate, precum \u0219i dreptul de a distribui, de a prezenta aceste con\u021binuturi oriunde \u00een lume, prin orice mijloc. Se garanteaz\u0103, de asemenea,\u00a0<strong>Site-ul<\/strong> \u0219i afilia\u021bilor\/asociatilor s\u0103i sau celor c\u0103rora le retransmite dreptul de licen\u021b\u0103 dreptul de a utiliza numele pe care \u00eel asocia\u021bi cu un astfel de con\u021binut. Utilizatorul garanteaz\u0103 c\u0103 are toate drepturile asupra con\u021binutului pe care \u00eel afi\u0219eaz\u0103 sau transmite pe site, prin orice modalitate, astfel \u00eenc\u00e2t prin folosirea acestui con\u021binut s\u0103 nu cauzeze prejudicii nici unei persoane.\u00a0<strong>Site-ul<\/strong> nu isi asuma nicio responsabilitate pentru continutul mesajelor\/comunicarilor afisate\/transmise de un utilizator prin intermediul site-ului\u00a0<strong>Site-ul<\/strong><\/p>\n<p>&nbsp;<\/p>\n<h3>DECLINAREA RESPONSABILITATII<\/h3>\n<p>Continutul site-ului (texte, descrieri ale produselor, caracteristici tehnice, imagini, simboluri) sunt proprietate a\u00a0<strong>Site-ul<\/strong> si a partenerilor sai si a fost alcatuit in stransa colaborare cu furnizorii produselor prezentate.<\/p>\n<p>&nbsp;<\/p>\n<h3>DISPOZI\u021aII FINALE<\/h3>\n<p>Dac\u0103 oricare dintre clauzele de mai sus va fi gasit\u0103 nul\u0103 sau nevalid\u0103, indiferent de cauz\u0103, aceasta clauz\u0103 nu va afecta valabilitatea celorlalte clauze. Odat\u0103 cu cumpararea \u0219i lansarea comenzii, clientul accept\u0103 f\u0103r\u0103 obiec\u021biuni condi\u021biile \u0219i termenii de utilizare, valoarea acestora fiind acea\u0219i cu un contract valabil \u00eencheiat.<\/p>\n<p>&nbsp;<\/p>\n","protected":false},"excerpt":{"rendered":"<p>&nbsp; Website-ul nostru este: ey-praxis.com\u00a0numit in continuare Site-ul &nbsp; Prin utilizarea Site-ului sunte\u021bi implicit de acord cu Termenii \u0219i Condi\u021biile de Utilizare de mai jos. Pentru folosirea \u00een cele mai bune condi\u021bii a site-ului, se recomand\u0103 citirea cu aten\u021bie a [&hellip;]<\/p>\n","protected":false},"author":2,"featured_media":0,"parent":0,"menu_order":5,"comment_status":"closed","ping_status":"closed","template":"","meta":{"footnotes":""},"class_list":["post-3640","page","type-page","status-publish","hentry"],"_links":{"self":[{"href":"https:\/\/staging.ey-praxis.com\/ro_ro\/wp-json\/wp\/v2\/pages\/3640","targetHints":{"allow":["GET"]}}],"collection":[{"href":"https:\/\/staging.ey-praxis.com\/ro_ro\/wp-json\/wp\/v2\/pages"}],"about":[{"href":"https:\/\/staging.ey-praxis.com\/ro_ro\/wp-json\/wp\/v2\/types\/page"}],"author":[{"embeddable":true,"href":"https:\/\/staging.ey-praxis.com\/ro_ro\/wp-json\/wp\/v2\/users\/2"}],"replies":[{"embeddable":true,"href":"https:\/\/staging.ey-praxis.com\/ro_ro\/wp-json\/wp\/v2\/comments?post=3640"}],"version-history":[{"count":4,"href":"https:\/\/staging.ey-praxis.com\/ro_ro\/wp-json\/wp\/v2\/pages\/3640\/revisions"}],"predecessor-version":[{"id":4200,"href":"https:\/\/staging.ey-praxis.com\/ro_ro\/wp-json\/wp\/v2\/pages\/3640\/revisions\/4200"}],"wp:attachment":[{"href":"https:\/\/staging.ey-praxis.com\/ro_ro\/wp-json\/wp\/v2\/media?parent=3640"}],"curies":[{"name":"wp","href":"https:\/\/api.w.org\/{rel}","templated":true}]}}