{"id":3661,"date":"2025-04-24T12:36:31","date_gmt":"2025-04-24T12:36:31","guid":{"rendered":"https:\/\/staging.ey-praxis.com\/?page_id=3661"},"modified":"2025-06-17T14:30:25","modified_gmt":"2025-06-17T14:30:25","slug":"terapia-bowen","status":"publish","type":"page","link":"https:\/\/staging.ey-praxis.com\/de\/terapia-bowen\/","title":{"rendered":"Bowen Therapie"},"content":{"rendered":"<div class=\"wpb-content-wrapper\"><div class=\"vc_row wpb_row vc_row-fluid\" ><div class=\"wpb_column vc_column_container vc_col-sm-12\"><div class=\"vc_column-inner\"><div class=\"wpb_wrapper\">\n\t<div  class=\"wpb_single_image wpb_content_element vc_align_center wpb_content_element\">\n\t\t\n\t\t<figure class=\"wpb_wrapper vc_figure\">\n\t\t\t<div class=\"vc_single_image-wrapper   vc_box_border_grey\"><img loading=\"lazy\" decoding=\"async\" width=\"2000\" height=\"650\" src=\"https:\/\/staging.ey-praxis.com\/wp-content\/uploads\/2025\/06\/terapie_bowen_slider_pag_servicii1.jpg\" class=\"vc_single_image-img attachment-full\" alt=\"\" title=\"terapie_bowen_slider_pag_servicii1\" srcset=\"https:\/\/staging.ey-praxis.com\/wp-content\/uploads\/2025\/06\/terapie_bowen_slider_pag_servicii1.jpg 2000w, https:\/\/staging.ey-praxis.com\/wp-content\/uploads\/2025\/06\/terapie_bowen_slider_pag_servicii1-300x98.jpg 300w, https:\/\/staging.ey-praxis.com\/wp-content\/uploads\/2025\/06\/terapie_bowen_slider_pag_servicii1-1024x333.jpg 1024w, https:\/\/staging.ey-praxis.com\/wp-content\/uploads\/2025\/06\/terapie_bowen_slider_pag_servicii1-768x250.jpg 768w, https:\/\/staging.ey-praxis.com\/wp-content\/uploads\/2025\/06\/terapie_bowen_slider_pag_servicii1-1536x499.jpg 1536w, https:\/\/staging.ey-praxis.com\/wp-content\/uploads\/2025\/06\/terapie_bowen_slider_pag_servicii1-18x6.jpg 18w\" sizes=\"auto, (max-width: 2000px) 100vw, 2000px\" \/><\/div>\n\t\t<\/figure>\n\t<\/div>\n<\/div><\/div><\/div><\/div><div class=\"mkdf-row-grid-section-wrapper\"  style=\"background-color:#00000000\"><div class=\"mkdf-row-grid-section\"><div class=\"vc_row wpb_row vc_row-fluid vc_custom_1745500843614\" ><div class=\"wpb_column vc_column_container vc_col-sm-12\"><div class=\"vc_column-inner\"><div class=\"wpb_wrapper\"><div class=\"mkdf-elements-holder   mkdf-one-column  mkdf-responsive-mode-768\" ><div class=\"mkdf-eh-item   mkdf-horizontal-alignment-center\"  data-item-class=\"mkdf-eh-custom-3609\" data-1280-1600=\"0px 20% 78px\" data-1024-1280=\"0px 18% 78px\" data-768-1024=\"0px 5% 78px\" data-680-768=\"0px 0 78px\" data-680=\"0px 0 78px\">\n\t\t<div class=\"mkdf-eh-item-inner\">\n\t\t<div class=\"mkdf-eh-item-content mkdf-eh-custom-3609\" style=\"padding: 0px 24% 78px\">\n\t\t\t\n\t<div class=\"wpb_text_column wpb_content_element\" >\n\t\t<div class=\"wpb_wrapper\">\n\t\t\t<p style=\"text-align: center;\"><span style=\"font-weight: 400;\"><img loading=\"lazy\" decoding=\"async\" class=\"alignnone wp-image-4005 size-large\" src=\"https:\/\/staging.ey-praxis.com\/wp-content\/uploads\/2025\/05\/terapie_bowen_titlu_pag_serv-e1746603825525-1024x329.png\" alt=\"\" width=\"1024\" height=\"329\" srcset=\"https:\/\/staging.ey-praxis.com\/wp-content\/uploads\/2025\/05\/terapie_bowen_titlu_pag_serv-e1746603825525-1024x329.png 1024w, https:\/\/staging.ey-praxis.com\/wp-content\/uploads\/2025\/05\/terapie_bowen_titlu_pag_serv-e1746603825525-300x96.png 300w, https:\/\/staging.ey-praxis.com\/wp-content\/uploads\/2025\/05\/terapie_bowen_titlu_pag_serv-e1746603825525-768x246.png 768w, https:\/\/staging.ey-praxis.com\/wp-content\/uploads\/2025\/05\/terapie_bowen_titlu_pag_serv-e1746603825525.png 1184w\" sizes=\"auto, (max-width: 1024px) 100vw, 1024px\" \/><\/span><\/p>\n<h4 style=\"text-align: center;\">Ziel der Bowen-Therapie ist es, dem K\u00f6rper zu erm\u00f6glichen, sich selbst zu regulieren, zu stabilisieren und zu revitalisieren \u2013 durch minimale und sanfte Impulse.<\/h4>\n\n\t\t<\/div>\n\t<\/div>\n\t\t<\/div>\n\t<\/div>\n<\/div><\/div><\/div><\/div><\/div><\/div><\/div><\/div><div class=\"mkdf-row-grid-section-wrapper\"  ><div class=\"mkdf-row-grid-section\"><div class=\"vc_row wpb_row vc_row-fluid vc_row-o-content-middle vc_row-flex\" ><div class=\"wpb_column vc_column_container vc_col-sm-6\"><div class=\"vc_column-inner\"><div class=\"wpb_wrapper\">\n\t<div  class=\"wpb_single_image wpb_content_element vc_align_left wpb_content_element\">\n\t\t\n\t\t<figure class=\"wpb_wrapper vc_figure\">\n\t\t\t<div class=\"vc_single_image-wrapper   vc_box_border_grey\"><img loading=\"lazy\" decoding=\"async\" width=\"800\" height=\"534\" src=\"https:\/\/staging.ey-praxis.com\/wp-content\/uploads\/2025\/05\/terapie_bowen_servicii1.jpg\" class=\"vc_single_image-img attachment-full\" alt=\"\" title=\"terapie_bowen_servicii1\" srcset=\"https:\/\/staging.ey-praxis.com\/wp-content\/uploads\/2025\/05\/terapie_bowen_servicii1.jpg 800w, https:\/\/staging.ey-praxis.com\/wp-content\/uploads\/2025\/05\/terapie_bowen_servicii1-300x200.jpg 300w, https:\/\/staging.ey-praxis.com\/wp-content\/uploads\/2025\/05\/terapie_bowen_servicii1-768x513.jpg 768w\" sizes=\"auto, (max-width: 800px) 100vw, 800px\" \/><\/div><figcaption class=\"vc_figure-caption\">Foto: www.bowen-academy.com<\/figcaption>\n\t\t<\/figure>\n\t<\/div>\n<\/div><\/div><\/div><div class=\"wpb_column vc_column_container vc_col-sm-6\"><div class=\"vc_column-inner\"><div class=\"wpb_wrapper\">\n\t<div class=\"wpb_text_column wpb_content_element\" >\n\t\t<div class=\"wpb_wrapper\">\n\t\t\t<p class=\"translation-block\">Die Bowen-Therapie besteht aus einer Reihe sanfter Griffe, die auf bestimmte K\u00f6rperbereiche angewendet werden \u2013 auf Muskeln, Sehnen und Faszien. Jede Serie wird von einer Pause von mindestens zwei Minuten begleitet,\ndamit der K\u00f6rper die durch diese Griffe ausgel\u00f6sten Impulse verarbeiten kann.<\/p>\n<p>Tom Bowen selbst verlie\u00df w\u00e4hrend der Pausen den Raum,\num den nat\u00fcrlichen Regulationsprozess nicht zu beeinflussen.<\/p>\n<p class=\"translation-block\"><b>Die Mechanismen, die der Bowen-Therapie \u2013 The Original Bowen Technique<\/b> \u2013 zugrunde liegen,\nlassen sich mit dem Prinzip der Resonanz bei Saiteninstrumenten vergleichen:\neine sanfte Bewegung l\u00f6st eine tiefgreifende Reaktion im gesamten System aus.<\/p>\n\n\t\t<\/div>\n\t<\/div>\n\n\t<div class=\"wpb_text_column wpb_content_element\" >\n\t\t<div class=\"wpb_wrapper\">\n\t\t\t<p style=\"text-align: left;\">Eine Saite, die an einem bestimmten Punkt angeschlagen und gehalten wird,\nerzeugt einen klaren Ton \u2013 entsprechend einem pr\u00e4zisen Resonanzmuster.<\/p>\n\n\t\t<\/div>\n\t<\/div>\n<\/div><\/div><\/div><\/div><\/div><\/div><div class=\"mkdf-row-grid-section-wrapper\"  style=\"background-color:#F5E8DF\"><div class=\"mkdf-row-grid-section\"><div class=\"vc_row wpb_row vc_row-fluid vc_custom_1747843688590 vc_row-o-content-middle vc_row-flex\" ><div class=\"wpb_column vc_column_container vc_col-sm-2\"><div class=\"vc_column-inner\"><div class=\"wpb_wrapper\"><\/div><\/div><\/div><div class=\"wpb_column vc_column_container vc_col-sm-8\"><div class=\"vc_column-inner\"><div class=\"wpb_wrapper\">\n\t<div class=\"wpb_text_column wpb_content_element\" >\n\t\t<div class=\"wpb_wrapper\">\n\t\t\t<p class=\"translation-block\"><b>Tom Bowen<\/b> entwickelte die Methode, die heute unter dem Namen Bowen-Technik bekannt ist,\nin Geelong, Victoria (Australien). Nach seinem Dienst im Zweiten Weltkrieg wuchs seine Interesse daran,\nMenschen bei der Linderung ihrer Schmerzen zu helfen, erheblich.\nEr stellte fest, dass bestimmte manuelle Bewegungen und Techniken,\ndie an spezifischen Stellen des K\u00f6rpers angewendet wurden, eine besondere Wirkung hatten.<\/p>\n<p class=\"translation-block\">Im Jahr 1974 f\u00fchrte die australische Regierung eine Umfrage unter Gesundheitspraktiker:innen durch\nund stellte fest, dass Tom Bowen eine der gr\u00f6\u00dften Klientendatenbanken des Landes hatte \u2013\nmit etwa 13.000 behandelten Personen pro Jahr.\nBeeindruckend war dabei, dass 80 % der Klient:innen nur zwei Behandlungen ben\u00f6tigten, um eine Wirkung zu sp\u00fcren.\n(<b>Quelle: www.bowen-academy.de<\/b>)<\/p>\n\n\t\t<\/div>\n\t<\/div>\n<div class=\"vc_empty_space\"   style=\"height: 50px\"><span class=\"vc_empty_space_inner\"><\/span><\/div>\n\t<div  class=\"wpb_single_image wpb_content_element vc_align_center wpb_content_element\">\n\t\t\n\t\t<figure class=\"wpb_wrapper vc_figure\">\n\t\t\t<div class=\"vc_single_image-wrapper   vc_box_border_grey\"><img loading=\"lazy\" decoding=\"async\" width=\"2000\" height=\"933\" src=\"https:\/\/staging.ey-praxis.com\/wp-content\/uploads\/2025\/06\/terapie_bowen_servicii_1.jpg\" class=\"vc_single_image-img attachment-full\" alt=\"\" title=\"terapie_bowen_servicii_1\" srcset=\"https:\/\/staging.ey-praxis.com\/wp-content\/uploads\/2025\/06\/terapie_bowen_servicii_1.jpg 2000w, https:\/\/staging.ey-praxis.com\/wp-content\/uploads\/2025\/06\/terapie_bowen_servicii_1-300x140.jpg 300w, https:\/\/staging.ey-praxis.com\/wp-content\/uploads\/2025\/06\/terapie_bowen_servicii_1-1024x478.jpg 1024w, https:\/\/staging.ey-praxis.com\/wp-content\/uploads\/2025\/06\/terapie_bowen_servicii_1-768x358.jpg 768w, https:\/\/staging.ey-praxis.com\/wp-content\/uploads\/2025\/06\/terapie_bowen_servicii_1-1536x717.jpg 1536w, https:\/\/staging.ey-praxis.com\/wp-content\/uploads\/2025\/06\/terapie_bowen_servicii_1-18x8.jpg 18w\" sizes=\"auto, (max-width: 2000px) 100vw, 2000px\" \/><\/div>\n\t\t<\/figure>\n\t<\/div>\n<div class=\"vc_empty_space\"   style=\"height: 20px\"><span class=\"vc_empty_space_inner\"><\/span><\/div>\n\t<div class=\"wpb_text_column wpb_content_element\" >\n\t\t<div class=\"wpb_wrapper\">\n\t\t\t<h3 style=\"text-align: center;\"><strong>Die Bowen-Technik macht Dich nicht zu jemand anderem.<\/strong><\/h3>\n<p style=\"text-align: center;\">Sie hilft dir, zu dir selbst zur\u00fcckzufinden \u2013 ohne \u00c4ngste, ohne Konditionierungen,\nohne den Druck, Heilung zu \u201eerzwingen\u201c.\nEs ist ein sanfter, aber tiefgreifender Prozess, der in dir das aktiviert,\nwas schon immer da war: dein Gleichgewicht.<\/p>\n<p style=\"text-align: center;\" class=\"translation-block\"><b>Die Bowen-Technik ersetzt keine \u00e4rztliche Beratung.<\/b>\n<br>Nur eine medizinische Fachkraft kann eine Diagnose stellen und einen Behandlungsplan empfehlen.<\/p>\n<h4 style=\"text-align: center;\"><strong>Diese komplement\u00e4re Therapie ist sicher und geeignet f\u00fcr Menschen jeden Alters.<\/strong><\/h4>\n\n\t\t<\/div>\n\t<\/div>\n<\/div><\/div><\/div><div class=\"wpb_column vc_column_container vc_col-sm-2\"><div class=\"vc_column-inner\"><div class=\"wpb_wrapper\"><\/div><\/div><\/div><\/div><\/div><\/div><div class=\"mkdf-row-grid-section-wrapper\"  style=\"background-color:#00000000\"><div class=\"mkdf-row-grid-section\"><div class=\"vc_row wpb_row vc_row-fluid vc_custom_1741089519784\" ><div class=\"wpb_column vc_column_container vc_col-sm-2\"><div class=\"vc_column-inner\"><div class=\"wpb_wrapper\"><\/div><\/div><\/div><div class=\"wpb_column vc_column_container vc_col-sm-8\"><div class=\"vc_column-inner\"><div class=\"wpb_wrapper\"><h3 style=\"text-align: center\" class=\"vc_custom_heading vc_do_custom_heading translation-block\" >Die Bowen-Therapie, The Original Bowen Technique,\nist f\u00fcr Dich geeignet, wenn Du an Folgendem leidest:<\/h3><div class=\"vc_empty_space\"   style=\"height: 32px\"><span class=\"vc_empty_space_inner\"><\/span><\/div><\/div><\/div><\/div><div class=\"wpb_column vc_column_container vc_col-sm-2\"><div class=\"vc_column-inner\"><div class=\"wpb_wrapper\"><\/div><\/div><\/div><\/div><\/div><\/div><div class=\"mkdf-row-grid-section-wrapper\"  ><div class=\"mkdf-row-grid-section\"><div class=\"vc_row wpb_row vc_row-fluid vc_custom_1747059468174\" ><div class=\"wpb_column vc_column_container vc_col-sm-4\"><div class=\"vc_column-inner\"><div class=\"wpb_wrapper\">\n\t<div class=\"wpb_text_column wpb_content_element\" >\n\t\t<div class=\"wpb_wrapper\">\n\t\t\t<p><span style=\"font-weight: 400;\"><img loading=\"lazy\" decoding=\"async\" class=\"alignnone wp-image-3697\" src=\"https:\/\/staging.ey-praxis.com\/wp-content\/uploads\/2025\/04\/bullet_verde.png\" alt=\"\" width=\"15\" height=\"15\" srcset=\"https:\/\/staging.ey-praxis.com\/wp-content\/uploads\/2025\/04\/bullet_verde.png 300w, https:\/\/staging.ey-praxis.com\/wp-content\/uploads\/2025\/04\/bullet_verde-150x150.png 150w\" sizes=\"auto, (max-width: 15px) 100vw, 15px\" \/> Nacken- und Schulterschmerzen, Frozen Shoulder<br \/>\n<\/span><span style=\"font-weight: 400;\"><img loading=\"lazy\" decoding=\"async\" class=\"alignnone wp-image-3697\" src=\"https:\/\/staging.ey-praxis.com\/wp-content\/uploads\/2025\/04\/bullet_verde.png\" alt=\"\" width=\"15\" height=\"15\" srcset=\"https:\/\/staging.ey-praxis.com\/wp-content\/uploads\/2025\/04\/bullet_verde.png 300w, https:\/\/staging.ey-praxis.com\/wp-content\/uploads\/2025\/04\/bullet_verde-150x150.png 150w\" sizes=\"auto, (max-width: 15px) 100vw, 15px\" \/> Kieferprobleme<br \/>\n<img loading=\"lazy\" decoding=\"async\" class=\"alignnone wp-image-3697\" src=\"https:\/\/staging.ey-praxis.com\/wp-content\/uploads\/2025\/04\/bullet_verde.png\" alt=\"\" width=\"15\" height=\"15\" srcset=\"https:\/\/staging.ey-praxis.com\/wp-content\/uploads\/2025\/04\/bullet_verde.png 300w, https:\/\/staging.ey-praxis.com\/wp-content\/uploads\/2025\/04\/bullet_verde-150x150.png 150w\" sizes=\"auto, (max-width: 15px) 100vw, 15px\" \/> R\u00fcckenschmerzen und Ischias<\/span><span style=\"font-weight: 400;\"><br \/>\n<img loading=\"lazy\" decoding=\"async\" class=\"alignnone wp-image-3697\" src=\"https:\/\/staging.ey-praxis.com\/wp-content\/uploads\/2025\/04\/bullet_verde.png\" alt=\"\" width=\"15\" height=\"15\" srcset=\"https:\/\/staging.ey-praxis.com\/wp-content\/uploads\/2025\/04\/bullet_verde.png 300w, https:\/\/staging.ey-praxis.com\/wp-content\/uploads\/2025\/04\/bullet_verde-150x150.png 150w\" sizes=\"auto, (max-width: 15px) 100vw, 15px\" \/> Beschwerden im Knie, Kn\u00f6chel, Fu\u00df, H\u00fcfte<\/span><span style=\"font-weight: 400;\"><br \/>\n<img loading=\"lazy\" decoding=\"async\" class=\"alignnone wp-image-3697\" src=\"https:\/\/staging.ey-praxis.com\/wp-content\/uploads\/2025\/04\/bullet_verde.png\" alt=\"\" width=\"15\" height=\"15\" srcset=\"https:\/\/staging.ey-praxis.com\/wp-content\/uploads\/2025\/04\/bullet_verde.png 300w, https:\/\/staging.ey-praxis.com\/wp-content\/uploads\/2025\/04\/bullet_verde-150x150.png 150w\" sizes=\"auto, (max-width: 15px) 100vw, 15px\" \/> Sportverletzungen<\/span><span style=\"font-weight: 400;\"><br \/>\n<img loading=\"lazy\" decoding=\"async\" class=\"alignnone wp-image-3697\" src=\"https:\/\/staging.ey-praxis.com\/wp-content\/uploads\/2025\/04\/bullet_verde.png\" alt=\"\" width=\"15\" height=\"15\" srcset=\"https:\/\/staging.ey-praxis.com\/wp-content\/uploads\/2025\/04\/bullet_verde.png 300w, https:\/\/staging.ey-praxis.com\/wp-content\/uploads\/2025\/04\/bullet_verde-150x150.png 150w\" sizes=\"auto, (max-width: 15px) 100vw, 15px\" \/> Karpaltunnelsyndrom, Tennisellenbogen<\/span><span style=\"font-weight: 400;\"><br \/>\n<\/span><\/p>\n\n\t\t<\/div>\n\t<\/div>\n<\/div><\/div><\/div><div class=\"wpb_column vc_column_container vc_col-sm-4\"><div class=\"vc_column-inner\"><div class=\"wpb_wrapper\">\n\t<div class=\"wpb_text_column wpb_content_element\" >\n\t\t<div class=\"wpb_wrapper\">\n\t\t\t<p><span style=\"font-weight: 400;\"><img loading=\"lazy\" decoding=\"async\" class=\"alignnone wp-image-3697\" src=\"https:\/\/staging.ey-praxis.com\/wp-content\/uploads\/2025\/04\/bullet_verde.png\" alt=\"\" width=\"15\" height=\"15\" srcset=\"https:\/\/staging.ey-praxis.com\/wp-content\/uploads\/2025\/04\/bullet_verde.png 300w, https:\/\/staging.ey-praxis.com\/wp-content\/uploads\/2025\/04\/bullet_verde-150x150.png 150w\" sizes=\"auto, (max-width: 15px) 100vw, 15px\" \/> Kinderkrankheiten<\/span><span style=\"font-weight: 400;\"><br \/>\n<img loading=\"lazy\" decoding=\"async\" class=\"alignnone wp-image-3697\" src=\"https:\/\/staging.ey-praxis.com\/wp-content\/uploads\/2025\/04\/bullet_verde.png\" alt=\"\" width=\"15\" height=\"15\" srcset=\"https:\/\/staging.ey-praxis.com\/wp-content\/uploads\/2025\/04\/bullet_verde.png 300w, https:\/\/staging.ey-praxis.com\/wp-content\/uploads\/2025\/04\/bullet_verde-150x150.png 150w\" sizes=\"auto, (max-width: 15px) 100vw, 15px\" \/> Allergien, einschlie\u00dflich Heuschnupfen<\/span><span style=\"font-weight: 400;\"><br \/>\n<img loading=\"lazy\" decoding=\"async\" class=\"alignnone wp-image-3697\" src=\"https:\/\/staging.ey-praxis.com\/wp-content\/uploads\/2025\/04\/bullet_verde.png\" alt=\"\" width=\"15\" height=\"15\" srcset=\"https:\/\/staging.ey-praxis.com\/wp-content\/uploads\/2025\/04\/bullet_verde.png 300w, https:\/\/staging.ey-praxis.com\/wp-content\/uploads\/2025\/04\/bullet_verde-150x150.png 150w\" sizes=\"auto, (max-width: 15px) 100vw, 15px\" \/> Schlaflosigkeit<\/span><span style=\"font-weight: 400;\"><br \/>\n<img loading=\"lazy\" decoding=\"async\" class=\"alignnone wp-image-3697\" src=\"https:\/\/staging.ey-praxis.com\/wp-content\/uploads\/2025\/04\/bullet_verde.png\" alt=\"\" width=\"15\" height=\"15\" srcset=\"https:\/\/staging.ey-praxis.com\/wp-content\/uploads\/2025\/04\/bullet_verde.png 300w, https:\/\/staging.ey-praxis.com\/wp-content\/uploads\/2025\/04\/bullet_verde-150x150.png 150w\" sizes=\"auto, (max-width: 15px) 100vw, 15px\" \/> Schwindel<\/span><span style=\"font-weight: 400;\"><br \/>\n<img loading=\"lazy\" decoding=\"async\" class=\"alignnone wp-image-3697\" src=\"https:\/\/staging.ey-praxis.com\/wp-content\/uploads\/2025\/04\/bullet_verde.png\" alt=\"\" width=\"15\" height=\"15\" srcset=\"https:\/\/staging.ey-praxis.com\/wp-content\/uploads\/2025\/04\/bullet_verde.png 300w, https:\/\/staging.ey-praxis.com\/wp-content\/uploads\/2025\/04\/bullet_verde-150x150.png 150w\" sizes=\"auto, (max-width: 15px) 100vw, 15px\" \/> Stress, Angstzust\u00e4nde<\/span><span style=\"font-weight: 400;\"><br \/>\n<img loading=\"lazy\" decoding=\"async\" class=\"alignnone wp-image-3697\" src=\"https:\/\/staging.ey-praxis.com\/wp-content\/uploads\/2025\/04\/bullet_verde.png\" alt=\"\" width=\"15\" height=\"15\" srcset=\"https:\/\/staging.ey-praxis.com\/wp-content\/uploads\/2025\/04\/bullet_verde.png 300w, https:\/\/staging.ey-praxis.com\/wp-content\/uploads\/2025\/04\/bullet_verde-150x150.png 150w\" sizes=\"auto, (max-width: 15px) 100vw, 15px\" \/> Posttraumatischer Stress<br \/>\n<img loading=\"lazy\" decoding=\"async\" class=\"alignnone wp-image-3697\" src=\"https:\/\/staging.ey-praxis.com\/wp-content\/uploads\/2025\/04\/bullet_verde.png\" alt=\"\" width=\"15\" height=\"15\" srcset=\"https:\/\/staging.ey-praxis.com\/wp-content\/uploads\/2025\/04\/bullet_verde.png 300w, https:\/\/staging.ey-praxis.com\/wp-content\/uploads\/2025\/04\/bullet_verde-150x150.png 150w\" sizes=\"auto, (max-width: 15px) 100vw, 15px\" \/> Atemwegserkrankungen<\/span><\/p>\n\n\t\t<\/div>\n\t<\/div>\n<\/div><\/div><\/div><div class=\"wpb_column vc_column_container vc_col-sm-4\"><div class=\"vc_column-inner\"><div class=\"wpb_wrapper\">\n\t<div class=\"wpb_text_column wpb_content_element\" >\n\t\t<div class=\"wpb_wrapper\">\n\t\t\t<p><span style=\"font-weight: 400;\"><img loading=\"lazy\" decoding=\"async\" class=\"alignnone wp-image-3697\" src=\"https:\/\/staging.ey-praxis.com\/wp-content\/uploads\/2025\/04\/bullet_verde.png\" alt=\"\" width=\"15\" height=\"15\" srcset=\"https:\/\/staging.ey-praxis.com\/wp-content\/uploads\/2025\/04\/bullet_verde.png 300w, https:\/\/staging.ey-praxis.com\/wp-content\/uploads\/2025\/04\/bullet_verde-150x150.png 150w\" sizes=\"auto, (max-width: 15px) 100vw, 15px\" \/> Migr\u00e4ne, Sinusitis<\/span><span style=\"font-weight: 400;\"><br \/>\n<img loading=\"lazy\" decoding=\"async\" class=\"alignnone wp-image-3697\" src=\"https:\/\/staging.ey-praxis.com\/wp-content\/uploads\/2025\/04\/bullet_verde.png\" alt=\"\" width=\"15\" height=\"15\" srcset=\"https:\/\/staging.ey-praxis.com\/wp-content\/uploads\/2025\/04\/bullet_verde.png 300w, https:\/\/staging.ey-praxis.com\/wp-content\/uploads\/2025\/04\/bullet_verde-150x150.png 150w\" sizes=\"auto, (max-width: 15px) 100vw, 15px\" \/> Ohrenschmerzen und Ohrenentz\u00fcndungen<\/span><span style=\"font-weight: 400;\"><br \/>\n<img loading=\"lazy\" decoding=\"async\" class=\"alignnone wp-image-3697\" src=\"https:\/\/staging.ey-praxis.com\/wp-content\/uploads\/2025\/04\/bullet_verde.png\" alt=\"\" width=\"15\" height=\"15\" srcset=\"https:\/\/staging.ey-praxis.com\/wp-content\/uploads\/2025\/04\/bullet_verde.png 300w, https:\/\/staging.ey-praxis.com\/wp-content\/uploads\/2025\/04\/bullet_verde-150x150.png 150w\" sizes=\"auto, (max-width: 15px) 100vw, 15px\" \/> Verdauungs- und Darmprobleme<\/span><span style=\"font-weight: 400;\"><br \/>\n<img loading=\"lazy\" decoding=\"async\" class=\"alignnone wp-image-3697\" src=\"https:\/\/staging.ey-praxis.com\/wp-content\/uploads\/2025\/04\/bullet_verde.png\" alt=\"\" width=\"15\" height=\"15\" srcset=\"https:\/\/staging.ey-praxis.com\/wp-content\/uploads\/2025\/04\/bullet_verde.png 300w, https:\/\/staging.ey-praxis.com\/wp-content\/uploads\/2025\/04\/bullet_verde-150x150.png 150w\" sizes=\"auto, (max-width: 15px) 100vw, 15px\" \/> Blasenprobleme, Bettn\u00e4ssen, Inkontinenz<\/span><span style=\"font-weight: 400;\"><br \/>\n<img loading=\"lazy\" decoding=\"async\" class=\"alignnone wp-image-3697\" src=\"https:\/\/staging.ey-praxis.com\/wp-content\/uploads\/2025\/04\/bullet_verde.png\" alt=\"\" width=\"15\" height=\"15\" srcset=\"https:\/\/staging.ey-praxis.com\/wp-content\/uploads\/2025\/04\/bullet_verde.png 300w, https:\/\/staging.ey-praxis.com\/wp-content\/uploads\/2025\/04\/bullet_verde-150x150.png 150w\" sizes=\"auto, (max-width: 15px) 100vw, 15px\" \/> Unfruchtbarkeit, hormonelle und menstruelle Unregelm\u00e4\u00dfigkeiten<\/span><span style=\"font-weight: 400;\"><br \/>\n<strong><img loading=\"lazy\" decoding=\"async\" class=\"alignnone wp-image-3697\" src=\"https:\/\/staging.ey-praxis.com\/wp-content\/uploads\/2025\/04\/bullet_verde.png\" alt=\"\" width=\"15\" height=\"15\" srcset=\"https:\/\/staging.ey-praxis.com\/wp-content\/uploads\/2025\/04\/bullet_verde.png 300w, https:\/\/staging.ey-praxis.com\/wp-content\/uploads\/2025\/04\/bullet_verde-150x150.png 150w\" sizes=\"auto, (max-width: 15px) 100vw, 15px\" \/> <\/strong>Wassereinlagerungen und Lymphstau<\/span><span style=\"font-weight: 400;\"><br \/>\n<img loading=\"lazy\" decoding=\"async\" class=\"alignnone wp-image-3697\" src=\"https:\/\/staging.ey-praxis.com\/wp-content\/uploads\/2025\/04\/bullet_verde.png\" alt=\"\" width=\"15\" height=\"15\" srcset=\"https:\/\/staging.ey-praxis.com\/wp-content\/uploads\/2025\/04\/bullet_verde.png 300w, https:\/\/staging.ey-praxis.com\/wp-content\/uploads\/2025\/04\/bullet_verde-150x150.png 150w\" sizes=\"auto, (max-width: 15px) 100vw, 15px\" \/> Unterst\u00fctzung bei chronischen und onkologischen Erkrankungen<\/span><span style=\"font-weight: 400;\"><br \/>\n<\/span><\/p>\n\n\t\t<\/div>\n\t<\/div>\n<\/div><\/div><\/div><\/div><\/div><\/div><div class=\"mkdf-row-grid-section-wrapper mkdf-content-aligment-center\"  style=\"background-color:#F5E8DF\"><div class=\"mkdf-row-grid-section\"><div class=\"vc_row wpb_row vc_row-fluid vc_custom_1745866164778\" ><div class=\"wpb_column vc_column_container vc_col-sm-3\"><div class=\"vc_column-inner\"><div class=\"wpb_wrapper\"><\/div><\/div><\/div><div class=\"wpb_column vc_column_container vc_col-sm-6\"><div class=\"vc_column-inner\"><div class=\"wpb_wrapper\">\n\t<div class=\"wpb_text_column wpb_content_element\" >\n\t\t<div class=\"wpb_wrapper\">\n\t\t\t<h2 style=\"text-align: left;\">Kosten der Bowen-Therapie-Sitzungen<\/h2>\n<h3 style=\"text-align: left;\" class=\"translation-block\">Kinder 0\u20133 Jahre \u2013 auf Spendenbasis\n<br>Kinder 4\u201311 Jahre \u2013 50 \u20ac\n<br>Jugendliche und Erwachsene (ab 12 Jahren) \u2013 100 \u20ac<\/h3>\n<p style=\"text-align: left;\" class=\"translation-block\"><i>Eine Sitzung dauert ca. 60 Minuten.\nHinweis: Die Leistungen der Bowen-Therapie werden nicht von der Krankenkasse \u00fcbernommen.<\/i><\/p>\n\n\t\t<\/div>\n\t<\/div>\n\n\t<div class=\"wpb_text_column wpb_content_element\" >\n\t\t<div class=\"wpb_wrapper\">\n\t\t\t<p style=\"text-align: left;\" class=\"translation-block\"><b>F\u00fcr Sitzungen in der Praxis:<\/b>\n<br>Trage bequeme Kleidung, in der Du Dich wohlf\u00fchlst.\nWenn Du nicht in Unterw\u00e4sche bleiben m\u00f6chtest, w\u00e4hle etwas,\ndas dir Bewegungsfreiheit und Entspannung erm\u00f6glicht.<\/p>\n\n\t\t<\/div>\n\t<\/div>\n<div class=\"vc_empty_space\"   style=\"height: 32px\"><span class=\"vc_empty_space_inner\"><\/span><\/div><a itemprop=\"url\" href=\"#\" target=\"_blank\"  class=\"mkdf-btn mkdf-btn-medium mkdf-btn-solid\"  >\n    <span class=\"mkdf-btn-text\">Termin vereinbaren<\/span>\n    \t<\/a><\/div><\/div><\/div><div class=\"wpb_column vc_column_container vc_col-sm-3\"><div class=\"vc_column-inner\"><div class=\"wpb_wrapper\"><\/div><\/div><\/div><\/div><\/div><\/div>\n<\/div>","protected":false},"excerpt":{"rendered":"Scopul terapiei Bowen este de a permite corpului s\u0103 se autoregleze, stabilizeze \u0219i revitalizeze, printr-o interven\u021bie minim\u0103 \u0219i bl\u00e2nd\u0103. Foto: www.bowen-academy.com Terapia Bowen const\u0103 \u00een aplicarea unor serii de manevre delicate asupra anumitor zone ale corpului \u2013 la nivelul mu\u0219chilor, [...]","protected":false},"author":3,"featured_media":4001,"parent":0,"menu_order":5,"comment_status":"closed","ping_status":"closed","template":"full-width.php","meta":{"footnotes":""},"class_list":["post-3661","page","type-page","status-publish","has-post-thumbnail","hentry"],"_links":{"self":[{"href":"https:\/\/staging.ey-praxis.com\/de\/wp-json\/wp\/v2\/pages\/3661","targetHints":{"allow":["GET"]}}],"collection":[{"href":"https:\/\/staging.ey-praxis.com\/de\/wp-json\/wp\/v2\/pages"}],"about":[{"href":"https:\/\/staging.ey-praxis.com\/de\/wp-json\/wp\/v2\/types\/page"}],"author":[{"embeddable":true,"href":"https:\/\/staging.ey-praxis.com\/de\/wp-json\/wp\/v2\/users\/3"}],"replies":[{"embeddable":true,"href":"https:\/\/staging.ey-praxis.com\/de\/wp-json\/wp\/v2\/comments?post=3661"}],"version-history":[{"count":140,"href":"https:\/\/staging.ey-praxis.com\/de\/wp-json\/wp\/v2\/pages\/3661\/revisions"}],"predecessor-version":[{"id":4348,"href":"https:\/\/staging.ey-praxis.com\/de\/wp-json\/wp\/v2\/pages\/3661\/revisions\/4348"}],"wp:featuredmedia":[{"embeddable":true,"href":"https:\/\/staging.ey-praxis.com\/de\/wp-json\/wp\/v2\/media\/4001"}],"wp:attachment":[{"href":"https:\/\/staging.ey-praxis.com\/de\/wp-json\/wp\/v2\/media?parent=3661"}],"curies":[{"name":"wp","href":"https:\/\/api.w.org\/{rel}","templated":true}]}}