{"id":3640,"date":"2025-04-04T17:06:56","date_gmt":"2025-04-04T17:06:56","guid":{"rendered":"https:\/\/staging.ey-praxis.com\/?page_id=3640"},"modified":"2025-06-09T18:29:59","modified_gmt":"2025-06-09T18:29:59","slug":"termeni-si-conditii","status":"publish","type":"page","link":"https:\/\/staging.ey-praxis.com\/de\/termeni-si-conditii\/","title":{"rendered":"Allgemeine Gesch\u00e4ftsbedingungen"},"content":{"rendered":"<p>&nbsp;<\/p>\n<p class=\"translation-block\">Unsere Website lautet: ey-praxis.com, nachfolgend als \u201eWebsite\u201c bezeichnet.<\/p>\n<p>&nbsp;<\/p>\n<p class=\"translation-block\">Durch die Nutzung der Website stimmen Sie automatisch den nachstehenden\nNutzungsbedingungen zu.<\/p>\n<p class=\"translation-block\">F\u00fcr die bestm\u00f6gliche Nutzung der Website empfehlen wir Ihnen, die\nNutzungsbedingungen sorgf\u00e4ltig zu lesen. Wenn Sie mit diesen nicht\neinverstanden sind, empfehlen wir Ihnen, die Website nicht zu nutzen.<\/p>\n<p class=\"translation-block\">Die Website beh\u00e4lt sich das Recht vor, die Nutzungsbedingungen jederzeit und\nohne vorherige Ank\u00fcndigung zu \u00e4ndern. Die aktuelle Version der\nNutzungsbedingungen ist jederzeit auf der Website verf\u00fcgbar. Bitte \u00fcberpr\u00fcfen\nSie diese Seite regelm\u00e4\u00dfig, um \u00fcber etwaige \u00c4nderungen informiert zu sein. Die\nweitere Nutzung der Website nach einer \u00c4nderung der Nutzungsbedingungen stellt\ndie Zustimmung zu diesen \u00c4nderungen dar.<\/p>\n<p>&nbsp;<\/p>\n<h3>ALLGEMEINE INFORMATIONEN<\/h3>\n<p>Mit \u201eWebsite\u201c ist die Informationssammlung gemeint, die durch den Zugriff auf\ndie Webadresse https:\/\/staging.ey-praxis.com bereitgestellt wird.<br \/>\nAlle auf der Website angezeigten Preise sind in EURO angegeben.<\/p>\n<p>&nbsp;<\/p>\n<h3>ERHEBUNG PERSONENBEZOGENER DATEN<\/h3>\n<p class=\"translation-block\">Die Website erhebt personenbezogene Daten gem\u00e4\u00df der <strong><u><a href=\"\/de\/politica-de-confidentialitate\/\" target=\"_self\">Datenschutzrichtlinie<\/a><\/u><\/strong>.<\/p>\n<p>&nbsp;<\/p>\n<h3>HYPERLINKS UND ANDERE WEBSITES<\/h3>\n<p class=\"translation-block\">Die Website kann Links zu anderen Websites enthalten, unabh\u00e4ngig davon, ob sie\nEigentum der Website sind oder nicht. Die Website ist in keinem Fall\nverantwortlich f\u00fcr deren Inhalte.<\/p>\n<p>NUTZUNG DER WEBSITE DURCH PERSONEN UNTER 18 JAHREN<\/p>\n<p class=\"translation-block\">Die Website richtet sich auch an Personen unter 18 Jahren.<\/p>\n<p>&nbsp;<\/p>\n<h3>AKTIONEN UND GEWINNSPIELE<\/h3>\n<p class=\"translation-block\">Die Website legt die Regeln f\u00fcr Aktionen und Gewinnspiele fest, die sie\norganisiert. Diese Regeln werden den potenziellen Teilnehmern \u00fcber die Website\noder andere Kommunikationskan\u00e4le mitgeteilt.<\/p>\n<p>&nbsp;<\/p>\n<h3>PERSONENBEZOGENE DATEN<\/h3>\n<p class=\"translation-block\">Der Nutzer ist f\u00fcr alle \u00fcber sein Konto und Passwort durchgef\u00fchrten Aktivit\u00e4ten\nverantwortlich. Die Website \u00fcbernimmt keine Haftung f\u00fcr Fehler, die durch\nFahrl\u00e4ssigkeit des Nutzers in Bezug auf Sicherheit und Vertraulichkeit\nentstehen. Die pers\u00f6nlichen Daten des Nutzers werden nur f\u00fcr die erkl\u00e4rten\nZwecke dieser Website verwendet. Die Daten im Benutzerkonto und im\nBestellformular werden zur Bestellbest\u00e4tigung und zur \u00dcbermittlung von Aktionen\nverwendet. Pers\u00f6nliche Daten k\u00f6nnen jedoch an berechtigte Beh\u00f6rden\nweitergegeben werden, wenn dies gesetzlich erforderlich ist.<\/p>\n<p>&nbsp;<\/p>\n<h3>PREISPOLITIK<\/h3>\n<p class=\"translation-block\">Die Preise der Produkte sind f\u00fcr jedes Produkt separat angegeben. Die Website\nkann Werbekampagnen zu Produkten auf der Website durchf\u00fchren. Die Bedingungen\ndieser Aktionen werden ausschlie\u00dflich von der Website festgelegt.<\/p>\n<p>&nbsp;<\/p>\n<h3>RECHTSSTREITIGKEITEN<\/h3>\n<p class=\"translation-block\">Jeder Versuch eines unautorisierten Zugriffs auf die Website oder eines\nBetrugsversuchs wird unverz\u00fcglich den zust\u00e4ndigen Beh\u00f6rden gemeldet.\nStreitigkeiten werden einvernehmlich beigelegt. Wenn dies nicht gelingt,\nerfolgt die L\u00f6sung durch Schiedsgerichtsbarkeit der Internationalen\nHandelskammer Rum\u00e4niens. Das Schiedsurteil ist endg\u00fcltig und bindend. H\u00f6here\nGewalt befreit die Parteien \u2013 au\u00dfer von Zahlungsverpflichtungen \u2013 w\u00e4hrend deren\nDauer.<\/p>\n<p>&nbsp;<\/p>\n<h3>URHEBERRECHT<\/h3>\n<p class=\"translation-block\">Der gesamte Inhalt der Website \u2013 Bilder, Texte, Grafiken, Symbole, Skripte,\nProgramme \u2013 ist Eigentum der Website und ihrer Anbieter und ist durch\nUrheberrecht sowie gewerbliche Schutzrechte gesch\u00fctzt. Die Nutzung dieser\nInhalte ohne Genehmigung ist gesetzlich verboten.<\/p>\n<p>&nbsp;<\/p>\n<h3>KOMMENTARE UND KOMMUNIKATIONEN<\/h3>\n<p>Personen, die die Website aufrufen\/besuchen, k\u00f6nnen Kommentare und andere Mitteilungen hinterlassen; sie k\u00f6nnen E-Mails senden, Vorschl\u00e4ge, Ideen, Fragen oder andere Informationen \u00fcbermitteln, sofern deren Inhalt nicht rechtswidrig, obsz\u00f6n, bedrohlich oder verleumderisch ist, nicht in die Privatsph\u00e4re anderer eingreift, keine geistigen Eigentumsrechte verletzt, keine Viren enth\u00e4lt und keine Werbekampagnen, Kettenbriefe, Massen-E-Mails oder andere Formen von Spam darstellt.<\/p>\n<p class=\"translation-block\">Personen, die eine falsche E-Mail-Adresse verwenden oder elektronische Nachrichten bzw. andere Mitteilungen im Namen einer anderen nat\u00fcrlichen oder juristischen Person oder sonstigen Entit\u00e4t versenden, werden gem\u00e4\u00df den geltenden Gesetzen zur Rechenschaft gezogen. Die Website hat das Recht (aber nicht die Pflicht), derartige Inhalte zu l\u00f6schen. Die Website \u00fcbernimmt keine Verantwortung und ist in keiner Weise schadensersatzpflichtig f\u00fcr Sch\u00e4den, die durch solche Mitteilungen entstehen.<\/p>\n<p class=\"translation-block\">Im Falle der \u00dcbermittlung oder Ver\u00f6ffentlichung von Materialien\/Dokumenten gilt, dass der Nutzer der Website sowie deren verbundenen Unternehmen das nicht-exklusive, unbegrenzte, kostenlose, unwiderrufliche und \u00fcbertragbare Recht einr\u00e4umt, diese Inhalte zu nutzen, zu reproduzieren, zu ver\u00e4ndern, anzupassen, zu ver\u00f6ffentlichen, zu \u00fcbersetzen, abgeleitete Werke zu erstellen sowie sie weltweit in jeglicher Form zu verbreiten oder darzustellen. Zudem wird der Website und ihren verbundenen Unternehmen oder denjenigen, denen sie Lizenzrechte \u00fcbertragen hat, das Recht einger\u00e4umt, den Namen zu verwenden, der mit solchen Inhalten verbunden ist. Der Nutzer garantiert, dass er alle Rechte an den Inhalten besitzt, die er auf der Website ver\u00f6ffentlicht oder \u00fcbermittelt, in jeglicher Form, und dass durch deren Nutzung keine Rechte Dritter verletzt werden. Die Website \u00fcbernimmt keine Verantwortung f\u00fcr den Inhalt der Nachrichten\/Mitteilungen, die von einem Nutzer \u00fcber die Website ver\u00f6ffentlicht oder \u00fcbermittelt werden.<\/p>\n<p>&nbsp;<\/p>\n<h3>HAFTUNGSAUSSCHLUSS<\/h3>\n<p class=\"translation-block\">Die Inhalte (Texte, Produktbeschreibungen, technische Merkmale) sind Eigentum\nder Website und ihrer Partner.<\/p>\n<p>&nbsp;<\/p>\n<h3>SCHLUSSBESTIMMUNGEN<\/h3>\n<p>Sollte eine Klausel ung\u00fcltig sein, bleiben die \u00fcbrigen Klauseln g\u00fcltig. Mit dem\nKauf und der Bestellung akzeptiert der Kunde vorbehaltlos die Bedingungen dieser\nAGB, die einem rechtsverbindlichen Vertrag gleichkommen.<\/p>\n<p>&nbsp;<\/p>","protected":false},"excerpt":{"rendered":"<p>&nbsp; Website-ul nostru este: ey-praxis.com\u00a0numit in continuare Site-ul &nbsp; Prin utilizarea Site-ului sunte\u021bi implicit de acord cu Termenii \u0219i Condi\u021biile de Utilizare de mai jos. Pentru folosirea \u00een cele mai bune condi\u021bii a site-ului, se recomand\u0103 citirea cu aten\u021bie a [&hellip;]<\/p>","protected":false},"author":2,"featured_media":0,"parent":0,"menu_order":5,"comment_status":"closed","ping_status":"closed","template":"","meta":{"footnotes":""},"class_list":["post-3640","page","type-page","status-publish","hentry"],"_links":{"self":[{"href":"https:\/\/staging.ey-praxis.com\/de\/wp-json\/wp\/v2\/pages\/3640","targetHints":{"allow":["GET"]}}],"collection":[{"href":"https:\/\/staging.ey-praxis.com\/de\/wp-json\/wp\/v2\/pages"}],"about":[{"href":"https:\/\/staging.ey-praxis.com\/de\/wp-json\/wp\/v2\/types\/page"}],"author":[{"embeddable":true,"href":"https:\/\/staging.ey-praxis.com\/de\/wp-json\/wp\/v2\/users\/2"}],"replies":[{"embeddable":true,"href":"https:\/\/staging.ey-praxis.com\/de\/wp-json\/wp\/v2\/comments?post=3640"}],"version-history":[{"count":4,"href":"https:\/\/staging.ey-praxis.com\/de\/wp-json\/wp\/v2\/pages\/3640\/revisions"}],"predecessor-version":[{"id":4200,"href":"https:\/\/staging.ey-praxis.com\/de\/wp-json\/wp\/v2\/pages\/3640\/revisions\/4200"}],"wp:attachment":[{"href":"https:\/\/staging.ey-praxis.com\/de\/wp-json\/wp\/v2\/media?parent=3640"}],"curies":[{"name":"wp","href":"https:\/\/api.w.org\/{rel}","templated":true}]}}