{"id":3,"date":"2025-02-27T11:41:15","date_gmt":"2025-02-27T11:41:15","guid":{"rendered":"https:\/\/staging.ey-praxis.com\/?page_id=3"},"modified":"2025-06-13T10:26:51","modified_gmt":"2025-06-13T10:26:51","slug":"politica-de-confidentialitate","status":"publish","type":"page","link":"https:\/\/staging.ey-praxis.com\/de\/politica-de-confidentialitate\/","title":{"rendered":"Datenschutz- und Cookie-Richtlinie"},"content":{"rendered":"<h3>WER WIR SIND<\/h3>\n<p class=\"translation-block\">Unsere Website lautet: ey-praxis.com, nachfolgend als \u201eWebsite\u201c bezeichnet.<\/p>\n<p>&nbsp;<\/p>\n<h3>WELCHE PERSONENBEZOGENEN DATEN WIR ERHEBEN<\/h3>\n<p class=\"translation-block\">Durch das Ausf\u00fcllen des Bestellformulars, Kontaktformulars, Kommentarformulars oder das Abonnieren des Newsletters: Vorname, Nachname, Lieferadresse, Rechnungsadresse, E-Mail-Adresse.<\/p>\n<p><strong>Durch Google Analytics oder Cookies:<\/strong>IP-Adressen, Informationen \u00fcber das Betriebssystem, verwendete Browser und Ger\u00e4tetypen, Land\/Stadt des Zugriffs, Datum und Dauer des Besuchs, besuchte Seiten, Anzahl der Seitenaufrufe usw.<\/p>\n<p>&nbsp;<\/p>\n<h3>WIE WIR PERSONENBEZOGENE DATEN ERHEBEN<\/h3>\n<p class=\"translation-block\">Die Website sammelt Informationen von Nutzern auf folgende Weise:<\/p>\n<p class=\"translation-block\">\u2013 Direkt vom Nutzer \u2013 Newsletter-Abonnement, Ausf\u00fcllen von Kontakt- oder Kommentarfeldern<\/p>\n<p class=\"translation-block\">\u2013 Indirekt: aus den Berichten des externen Monitoringdienstes Google Analytics oder \u00fcber Cookies.<\/p>\n<h3>ZWECK DER DATENERHEBUNG<\/h3>\n<p>Die direkt \u00fcber Formulare bereitgestellten Daten werden ben\u00f6tigt, um bestellte Produkte zu liefern, die betroffene Person zu identifizieren, Kontakt aufzunehmen oder sich an Diskussionen zu beteiligen.<\/p>\n<p class=\"translation-block\">Die \u00fcber die Formulare eingegebenen personenbezogenen Daten werden vertraulich behandelt und ausschlie\u00dflich zur Rechnungsstellung, zur Beantwortung von Anfragen oder zur Korrespondenz verwendet. Ihre Daten werden nicht an Dritte weitergegeben.<\/p>\n<h3>RICHTLINIE ZU COOKIES<\/h3>\n<p class=\"translation-block\">Diese Cookie-Richtlinie gilt f\u00fcr alle Nutzer der Website.\n<br>Sie dient dazu, die Nutzer \u00fcber die Platzierung, Verwendung und Verwaltung von Cookies durch die Website w\u00e4hrend des Surfens zu informieren.<\/p>\n<h3>WAS SIND COOKIES?<\/h3>\n<p>Wir verwenden den Begriff \u201eCookies\u201c f\u00fcr kleine Textdateien und \u00e4hnliche Technologien, mit denen automatisch Informationen gesammelt werden k\u00f6nnen.<br \/>\nEin \u201eInternet-Cookie\u201c (auch bekannt als \u201eBrowser-Cookie\u201c oder \u201eHTTP-Cookie\u201c) ist eine kleine Datei mit Buchstaben und Zahlen, die auf Ihrem Ger\u00e4t gespeichert wird, wenn Sie das Internet nutzen.<br \/>\nCookies werden vom Webserver \u00fcber den Browser angefordert (z.\u202fB. Internet Explorer, Firefox, Chrome). Einmal installiert, sind Cookies \u201epassiv\u201c, d.\u202fh. sie enthalten keine Programme, Viren oder Spyware und greifen nicht auf Inhalte Ihres Ger\u00e4ts zu.<br \/>\nEin Cookie besteht aus zwei Teilen: dem Namen und dem Inhalt\/Wert.<br \/>\nTechnisch gesehen kann nur der Webserver, der das Cookie gesetzt hat, es erneut aufrufen.<\/p>\n<h3>ZWECK DER COOKIES AUF DIESER WEBSITE:<\/h3>\n<p>Cookies dienen dazu, die Nutzererfahrung zu verbessern und Dienste bereitzustellen, die den Bed\u00fcrfnissen und Interessen der Nutzer entsprechen, insbesondere:<\/p>\n<p>- zur Optimierung der Nutzung durch Erkennung von Fehlern<\/p>\n<p class=\"translation-block\">- zur anonymen statistischen Auswertung der Nutzung<\/p>\n<p>- zur Vorschau zuk\u00fcnftiger Produkte \/ Dienstleistungen basierend auf bisherigen Zugriffen<\/p>\n<p>Basierend auf dem durch Cookies \u00fcbermittelten Feedback zur Nutzung dieser Website k\u00f6nnen wir Ma\u00dfnahmen ergreifen, um die Website effizienter und benutzerfreundlicher zu gestalten.\nSie erm\u00f6glichen auch das Speichern von Einstellungen wie:<\/p>\n<p>- die bevorzugte Sprache<\/p>\n<p>\u2013 das Speichern von Kommentaren<\/p>\n<h3>LEBENSDAUER VON COOKIES<\/h3>\n<p>Die Lebensdauer von Cookies kann erheblich variieren, je nach dem Zweck, zu dem sie gesetzt werden. Es gibt folgende Kategorien von Cookies, die auch deren Lebensdauer bestimmen:<\/p>\n<p>\u2013 Sitzungs-Cookies: werden beim Schlie\u00dfen des Browsers automatisch gel\u00f6scht<\/p>\n<p>\u2013 Permanente Cookies: bleiben auf dem Ger\u00e4t, bis sie gel\u00f6scht werden oder ablaufen (Minuten bis Jahre)<\/p>\n<h3>WAS SIND COOKIES VON DRITTANBIETERN?<\/h3>\n<p class=\"translation-block\">Einige Inhalte k\u00f6nnen von Dritten bereitgestellt werden \u2013 z.\u202fB. Google Analytics, Facebook, Instagram.\n<br>Diese Drittanbieter m\u00fcssen die Datenschutzrichtlinien und gesetzlichen Vorschriften ebenfalls einhalten.<\/p>\n<h3>WELCHE COOKIES WERDEN VERWENDET:<\/h3>\n<p>Durch die Nutzung\/den Besuch der Website k\u00f6nnen folgende Cookies gesetzt werden:<\/p>\n<p><strong> Leistungs-Cookies: merken sich Nutzerpr\u00e4ferenzen<\/strong><\/p>\n<p>Durch diese Art von Cookies werden die Pr\u00e4ferenzen des Nutzers dieser Website gespeichert, sodass eine erneute Einstellung der Pr\u00e4ferenzen bei einem sp\u00e4teren Besuch der Website nicht mehr erforderlich ist.<\/p>\n<p><strong> Analyse-Cookies: erkennen wiederkehrende Nutzer<\/strong><\/p>\n<p>Diese Cookies informieren uns dar\u00fcber, ob ein bestimmter Nutzer die Website bereits zuvor besucht oder genutzt hat. Sie werden ausschlie\u00dflich zu statistischen Zwecken verwendet.<\/p>\n<p><strong> Geotargeting-Cookies: erkennen das Herkunftsland<\/strong><\/p>\n<p>Diese Cookies werden von einer Software verwendet, die das Herkunftsland des Nutzers der Website bestimmt. Unabh\u00e4ngig von der gew\u00e4hlten Sprache werden dieselben Werbeanzeigen angezeigt.<\/p>\n<p><strong> Registrierungs-Cookies: erkennen eingeloggte Nutzer<\/strong><\/p>\n<p>Wenn Sie sich auf dieser Website registrieren, werden Cookies erstellt, die diesen Vorgang speichern. Die Server verwenden diese Cookies, um uns das Konto anzuzeigen, mit dem Sie angemeldet sind. Au\u00dferdem erm\u00f6glichen diese Cookies, dass jeder auf der Website ver\u00f6ffentlichte Kommentar dem Benutzernamen des verwendeten Kontos zugeordnet wird. Falls die Option \u201eangemeldet bleiben\u201c nicht ausgew\u00e4hlt wurde, werden diese Cookies automatisch am Ende der Browsersitzung gel\u00f6scht.<\/p>\n<p><strong> Werbe-Cookies: verfolgen Anzeigeninteraktionen (anonym)<\/strong><\/p>\n<p>Diese Cookies erm\u00f6glichen es, festzustellen, ob ein Nutzer eine Online-Werbung gesehen hat, um welche Art von Werbung es sich handelte und wie viel Zeit seit der Anzeige vergangen ist. Solche Cookies werden daher zur gezielten Ausspielung von Online-Werbung verwendet. Diese Cookies sind anonym und speichern Informationen \u00fcber die angezeigten Inhalte, jedoch nicht \u00fcber die Nutzer selbst.<\/p>\n<h3>WELCHE INFORMATIONEN WERDEN DURCH COOKIES GESPEICHERT?<\/h3>\n<p>Cookies speichern kleine Textdateien, die es erm\u00f6glichen, Ihren Browser wiederzuerkennen.<\/p>\n<h3>BROWSEREINSTELLUNGEN ZU COOKIES<\/h3>\n<p>Wenn Sie alleinigen Zugriff auf Ihr Ger\u00e4t haben, k\u00f6nnen Cookies l\u00e4nger gespeichert bleiben.<br \/>\nWenn das Ger\u00e4t gemeinsam genutzt wird, empfiehlt sich das L\u00f6schen des Verlaufs nach jeder Sitzung.<\/p>\n<h3>WIE K\u00d6NNEN COOKIES DEAKTIVIERT WERDEN?<\/h3>\n<p class=\"translation-block\">Das Deaktivieren und Ablehnen von Cookies kann dazu f\u00fchren, dass diese Website schwerer zug\u00e4nglich wird und ihre Nutzungsm\u00f6glichkeiten eingeschr\u00e4nkt sind. Nutzer k\u00f6nnen ihren Browser so konfigurieren, dass Cookies abgelehnt werden oder nur von bestimmten Websites akzeptiert werden.\n\nAlle modernen Browser bieten die M\u00f6glichkeit, die Cookie-Einstellungen zu \u00e4ndern. Diese Einstellungen sind in der Regel im Bereich \u201eOptionen\u201c oder im \u201eEinstellungen\u201c-Men\u00fc des Browsers zu finden.\n\nDie Ablehnung oder Deaktivierung von Cookies bedeutet jedoch nicht, dass Sie keine Online-Werbung mehr erhalten \u2013 sie wird lediglich nicht mehr an Ihre durch das Surfverhalten ermittelten Interessen und Vorlieben angepasst.<\/p>\n<h3>N\u00fctzliche Links zu Cookie-Einstellungen:<\/h3>\n<p class=\"translation-block\">\u2013 Cookie-Einstellungen in Internet Explorer\n<br>\u2013 Cookie-Einstellungen in Firefox\n<br>\u2013 Cookie-Einstellungen in Chrome\n<br>\u2013 Cookie-Einstellungen in Safari<\/p>\n<p>&nbsp;<\/p>\n<p>&nbsp;<\/p>","protected":false},"excerpt":{"rendered":"<p>CINE SUNTEM Website-ul nostru este: ey-praxis.com\u00a0numit in continuare Site-ul &nbsp; CE DATE PERSONALE COLECTAM Prin completarea formularului de comand\u0103, a formularului de contact, a formularul de comentarii sau abonarea la newsletter:\u00a0nume, prenume, adres\u0103 de livrare, adres\u0103 de facturare, adresa de [&hellip;]<\/p>","protected":false},"author":2,"featured_media":0,"parent":0,"menu_order":5,"comment_status":"closed","ping_status":"closed","template":"","meta":{"footnotes":""},"class_list":["post-3","page","type-page","status-publish","hentry"],"_links":{"self":[{"href":"https:\/\/staging.ey-praxis.com\/de\/wp-json\/wp\/v2\/pages\/3","targetHints":{"allow":["GET"]}}],"collection":[{"href":"https:\/\/staging.ey-praxis.com\/de\/wp-json\/wp\/v2\/pages"}],"about":[{"href":"https:\/\/staging.ey-praxis.com\/de\/wp-json\/wp\/v2\/types\/page"}],"author":[{"embeddable":true,"href":"https:\/\/staging.ey-praxis.com\/de\/wp-json\/wp\/v2\/users\/2"}],"replies":[{"embeddable":true,"href":"https:\/\/staging.ey-praxis.com\/de\/wp-json\/wp\/v2\/comments?post=3"}],"version-history":[{"count":10,"href":"https:\/\/staging.ey-praxis.com\/de\/wp-json\/wp\/v2\/pages\/3\/revisions"}],"predecessor-version":[{"id":4207,"href":"https:\/\/staging.ey-praxis.com\/de\/wp-json\/wp\/v2\/pages\/3\/revisions\/4207"}],"wp:attachment":[{"href":"https:\/\/staging.ey-praxis.com\/de\/wp-json\/wp\/v2\/media?parent=3"}],"curies":[{"name":"wp","href":"https:\/\/api.w.org\/{rel}","templated":true}]}}